{"id":2,"date":"2020-10-20T10:35:20","date_gmt":"2020-10-20T08:35:20","guid":{"rendered":"http:\/\/cliniquelorraine.fr\/?page_id=2"},"modified":"2021-05-16T18:24:40","modified_gmt":"2021-05-16T16:24:40","slug":"page-d-exemple","status":"publish","type":"page","link":"https:\/\/cliniquelorraine.fr\/index.php\/page-d-exemple\/","title":{"rendered":"La clinique"},"content":{"rendered":"\t\t<div data-elementor-type=\"wp-page\" data-elementor-id=\"2\" class=\"elementor elementor-2\" data-elementor-settings=\"[]\">\n\t\t\t\t\t\t\t<div class=\"elementor-section-wrap\">\n\t\t\t\t\t\t\t<section class=\"elementor-section elementor-top-section elementor-element elementor-element-281700c elementor-section-height-min-height elementor-section-content-middle elementor-section-stretched elementor-section-boxed elementor-section-height-default elementor-section-items-middle\" data-id=\"281700c\" data-element_type=\"section\" data-settings=\"{&quot;stretch_section&quot;:&quot;section-stretched&quot;,&quot;background_background&quot;:&quot;classic&quot;}\">\n\t\t\t\t\t\t<div class=\"elementor-container elementor-column-gap-default\">\n\t\t\t\t\t<div class=\"elementor-column elementor-col-100 elementor-top-column elementor-element elementor-element-16f260f\" data-id=\"16f260f\" data-element_type=\"column\">\n\t\t\t<div class=\"elementor-widget-wrap\">\n\t\t\t\t\t\t\t\t\t<\/div>\n\t\t<\/div>\n\t\t\t\t\t\t\t<\/div>\n\t\t<\/section>\n\t\t\t\t<section class=\"elementor-section elementor-top-section elementor-element elementor-element-7bce7bb elementor-section-boxed elementor-section-height-default elementor-section-height-default\" data-id=\"7bce7bb\" data-element_type=\"section\" data-settings=\"{&quot;animation&quot;:&quot;none&quot;,&quot;background_background&quot;:&quot;classic&quot;}\">\n\t\t\t\t\t\t<div class=\"elementor-container elementor-column-gap-default\">\n\t\t\t\t\t<div class=\"elementor-column elementor-col-100 elementor-top-column elementor-element elementor-element-1314c5b\" data-id=\"1314c5b\" data-element_type=\"column\">\n\t\t\t<div class=\"elementor-widget-wrap elementor-element-populated\">\n\t\t\t\t\t\t\t\t<div class=\"elementor-element elementor-element-bd9059a elementor-widget elementor-widget-heading\" data-id=\"bd9059a\" data-element_type=\"widget\" data-widget_type=\"heading.default\">\n\t\t\t\t<div class=\"elementor-widget-container\">\n\t\t\t<h1 class=\"elementor-heading-title elementor-size-default\">la clinique<\/h1>\t\t<\/div>\n\t\t\t\t<\/div>\n\t\t\t\t<div class=\"elementor-element elementor-element-f60bb12 elementor-widget elementor-widget-text-editor\" data-id=\"f60bb12\" data-element_type=\"widget\" data-settings=\"{&quot;_animation&quot;:&quot;none&quot;}\" data-widget_type=\"text-editor.default\">\n\t\t\t\t<div class=\"elementor-widget-container\">\n\t\t\t\t\t<div class=\"elementor-text-editor elementor-clearfix\"><p style=\"text-align: center;\"><span style=\"font-weight: 400; font-family: Exo; font-size: 16px;\">Nous vous souhaitons la bienvenue dans votre clinique, et nous engageons \u00e0 faire le maximum pour que vous vous y sentiez chez vous. <\/span><\/p><\/div>\n\t\t\t\t<\/div>\n\t\t\t\t<\/div>\n\t\t\t\t\t<\/div>\n\t\t<\/div>\n\t\t\t\t\t\t\t<\/div>\n\t\t<\/section>\n\t\t\t\t<section class=\"elementor-section elementor-top-section elementor-element elementor-element-5c65a9a elementor-section-boxed elementor-section-height-default elementor-section-height-default\" data-id=\"5c65a9a\" data-element_type=\"section\">\n\t\t\t\t\t\t<div class=\"elementor-container elementor-column-gap-default\">\n\t\t\t\t\t<div class=\"elementor-column elementor-col-100 elementor-top-column elementor-element elementor-element-a13f26d\" data-id=\"a13f26d\" data-element_type=\"column\">\n\t\t\t<div class=\"elementor-widget-wrap elementor-element-populated\">\n\t\t\t\t\t\t\t\t<div class=\"elementor-element elementor-element-e2701a3 elementor-widget elementor-widget-text-editor\" data-id=\"e2701a3\" data-element_type=\"widget\" data-widget_type=\"text-editor.default\">\n\t\t\t\t<div class=\"elementor-widget-container\">\n\t\t\t\t\t<div class=\"elementor-text-editor elementor-clearfix\"><p><span style=\"font-weight: 400;\">Outre ses comp\u00e9tences m\u00e9dicales et chirurgicales, la clinique se singularise par son \u00e9chelle humaine et sa volont\u00e9 d\u2019assurer une relation privil\u00e9gi\u00e9e avec sa client\u00e8le.<\/span><\/p>\n<p><span style=\"font-weight: 400;\">L\u2019 \u00e9quipe soignante est d\u00e9vou\u00e9e au service de la sant\u00e9 animale autour de trois associ\u00e9s, les <strong>Drs Om\u00e9ro Sessini, Amandine Klein et Nathalie Commaret.<\/strong><\/span><\/p><\/div>\n\t\t\t\t<\/div>\n\t\t\t\t<\/div>\n\t\t\t\t\t<\/div>\n\t\t<\/div>\n\t\t\t\t\t\t\t<\/div>\n\t\t<\/section>\n\t\t\t\t<section class=\"elementor-section elementor-top-section elementor-element elementor-element-7ccaa25 elementor-section-boxed elementor-section-height-default elementor-section-height-default\" data-id=\"7ccaa25\" data-element_type=\"section\">\n\t\t\t\t\t\t<div class=\"elementor-container elementor-column-gap-default\">\n\t\t\t\t\t<div class=\"elementor-column elementor-col-33 elementor-top-column elementor-element elementor-element-c8a0f7f\" data-id=\"c8a0f7f\" data-element_type=\"column\">\n\t\t\t<div class=\"elementor-widget-wrap elementor-element-populated\">\n\t\t\t\t\t\t\t\t<div class=\"elementor-element elementor-element-b52f2e0 elementor-widget elementor-widget-image\" data-id=\"b52f2e0\" data-element_type=\"widget\" data-widget_type=\"image.default\">\n\t\t\t\t<div class=\"elementor-widget-container\">\n\t\t\t\t\t<div class=\"elementor-image\">\n\t\t\t\t\t\t\t\t\t\t<img width=\"1024\" height=\"1024\" src=\"https:\/\/cliniquelorraine.fr\/wp-content\/uploads\/2021\/03\/Omero-cercle-1024x1024.png\" class=\"attachment-large size-large\" alt=\"Omero Sessini\" decoding=\"async\" loading=\"lazy\" srcset=\"https:\/\/cliniquelorraine.fr\/wp-content\/uploads\/2021\/03\/Omero-cercle-1024x1024.png 1024w, https:\/\/cliniquelorraine.fr\/wp-content\/uploads\/2021\/03\/Omero-cercle-300x300.png 300w, https:\/\/cliniquelorraine.fr\/wp-content\/uploads\/2021\/03\/Omero-cercle-150x150.png 150w, https:\/\/cliniquelorraine.fr\/wp-content\/uploads\/2021\/03\/Omero-cercle-768x768.png 768w, https:\/\/cliniquelorraine.fr\/wp-content\/uploads\/2021\/03\/Omero-cercle-1536x1536.png 1536w, https:\/\/cliniquelorraine.fr\/wp-content\/uploads\/2021\/03\/Omero-cercle.png 1800w\" sizes=\"(max-width: 1024px) 100vw, 1024px\" \/>\t\t\t\t\t\t\t\t\t\t\t<\/div>\n\t\t\t\t<\/div>\n\t\t\t\t<\/div>\n\t\t\t\t<div class=\"elementor-element elementor-element-4f56a06 elementor-widget elementor-widget-text-editor\" data-id=\"4f56a06\" data-element_type=\"widget\" data-widget_type=\"text-editor.default\">\n\t\t\t\t<div class=\"elementor-widget-container\">\n\t\t\t\t\t<div class=\"elementor-text-editor elementor-clearfix\"><p style=\"text-align: center;\"><strong><span style=\"font-size: 20px;\">Dr SESSINI Om\u00e9ro<br \/><\/span>V\u00e9t\u00e9rinaire associ\u00e9<\/strong><\/p><\/div>\n\t\t\t\t<\/div>\n\t\t\t\t<\/div>\n\t\t\t\t\t<\/div>\n\t\t<\/div>\n\t\t\t\t<div class=\"elementor-column elementor-col-33 elementor-top-column elementor-element elementor-element-372dd39\" data-id=\"372dd39\" data-element_type=\"column\">\n\t\t\t<div class=\"elementor-widget-wrap elementor-element-populated\">\n\t\t\t\t\t\t\t\t<div class=\"elementor-element elementor-element-9c5921c elementor-widget elementor-widget-image\" data-id=\"9c5921c\" data-element_type=\"widget\" data-widget_type=\"image.default\">\n\t\t\t\t<div class=\"elementor-widget-container\">\n\t\t\t\t\t<div class=\"elementor-image\">\n\t\t\t\t\t\t\t\t\t\t<img width=\"1024\" height=\"1024\" src=\"https:\/\/cliniquelorraine.fr\/wp-content\/uploads\/2021\/03\/Amandine-cercle-1024x1024.png\" class=\"attachment-large size-large\" alt=\"Amandine Klein\" decoding=\"async\" loading=\"lazy\" srcset=\"https:\/\/cliniquelorraine.fr\/wp-content\/uploads\/2021\/03\/Amandine-cercle-1024x1024.png 1024w, https:\/\/cliniquelorraine.fr\/wp-content\/uploads\/2021\/03\/Amandine-cercle-300x300.png 300w, https:\/\/cliniquelorraine.fr\/wp-content\/uploads\/2021\/03\/Amandine-cercle-150x150.png 150w, https:\/\/cliniquelorraine.fr\/wp-content\/uploads\/2021\/03\/Amandine-cercle-768x768.png 768w, https:\/\/cliniquelorraine.fr\/wp-content\/uploads\/2021\/03\/Amandine-cercle-1536x1536.png 1536w, https:\/\/cliniquelorraine.fr\/wp-content\/uploads\/2021\/03\/Amandine-cercle.png 1800w\" sizes=\"(max-width: 1024px) 100vw, 1024px\" \/>\t\t\t\t\t\t\t\t\t\t\t<\/div>\n\t\t\t\t<\/div>\n\t\t\t\t<\/div>\n\t\t\t\t<div class=\"elementor-element elementor-element-cfc53ec elementor-widget elementor-widget-text-editor\" data-id=\"cfc53ec\" data-element_type=\"widget\" data-widget_type=\"text-editor.default\">\n\t\t\t\t<div class=\"elementor-widget-container\">\n\t\t\t\t\t<div class=\"elementor-text-editor elementor-clearfix\"><p style=\"text-align: center;\"><strong><span style=\"font-size: 20px;\">Dr KLEIN Amandine<br \/><\/span>V\u00e9t\u00e9rinaire associ\u00e9e<\/strong><\/p>\n<p style=\"text-align: center;\">\u00a0<\/p><\/div>\n\t\t\t\t<\/div>\n\t\t\t\t<\/div>\n\t\t\t\t\t<\/div>\n\t\t<\/div>\n\t\t\t\t<div class=\"elementor-column elementor-col-33 elementor-top-column elementor-element elementor-element-d82b591\" data-id=\"d82b591\" data-element_type=\"column\">\n\t\t\t<div class=\"elementor-widget-wrap elementor-element-populated\">\n\t\t\t\t\t\t\t\t<div class=\"elementor-element elementor-element-1992361 elementor-widget elementor-widget-image\" data-id=\"1992361\" data-element_type=\"widget\" data-widget_type=\"image.default\">\n\t\t\t\t<div class=\"elementor-widget-container\">\n\t\t\t\t\t<div class=\"elementor-image\">\n\t\t\t\t\t\t\t\t\t\t<img width=\"1024\" height=\"1024\" src=\"https:\/\/cliniquelorraine.fr\/wp-content\/uploads\/2021\/03\/NatalieC-cercle-1024x1024.png\" class=\"attachment-large size-large\" alt=\"Nathalie Commaret\" decoding=\"async\" loading=\"lazy\" srcset=\"https:\/\/cliniquelorraine.fr\/wp-content\/uploads\/2021\/03\/NatalieC-cercle-1024x1024.png 1024w, https:\/\/cliniquelorraine.fr\/wp-content\/uploads\/2021\/03\/NatalieC-cercle-300x300.png 300w, https:\/\/cliniquelorraine.fr\/wp-content\/uploads\/2021\/03\/NatalieC-cercle-150x150.png 150w, https:\/\/cliniquelorraine.fr\/wp-content\/uploads\/2021\/03\/NatalieC-cercle-768x768.png 768w, https:\/\/cliniquelorraine.fr\/wp-content\/uploads\/2021\/03\/NatalieC-cercle-1536x1536.png 1536w, https:\/\/cliniquelorraine.fr\/wp-content\/uploads\/2021\/03\/NatalieC-cercle.png 1800w\" sizes=\"(max-width: 1024px) 100vw, 1024px\" \/>\t\t\t\t\t\t\t\t\t\t\t<\/div>\n\t\t\t\t<\/div>\n\t\t\t\t<\/div>\n\t\t\t\t<div class=\"elementor-element elementor-element-925888a elementor-widget elementor-widget-text-editor\" data-id=\"925888a\" data-element_type=\"widget\" data-widget_type=\"text-editor.default\">\n\t\t\t\t<div class=\"elementor-widget-container\">\n\t\t\t\t\t<div class=\"elementor-text-editor elementor-clearfix\"><p style=\"text-align: center;\"><strong><span style=\"font-size: 20px;\">Dr COMMARET Nathalie<br \/><\/span>V\u00e9t\u00e9rinaire associ\u00e9e<\/strong><\/p><\/div>\n\t\t\t\t<\/div>\n\t\t\t\t<\/div>\n\t\t\t\t\t<\/div>\n\t\t<\/div>\n\t\t\t\t\t\t\t<\/div>\n\t\t<\/section>\n\t\t\t\t<section class=\"elementor-section elementor-top-section elementor-element elementor-element-ab3fe33 elementor-section-boxed elementor-section-height-default elementor-section-height-default\" data-id=\"ab3fe33\" data-element_type=\"section\">\n\t\t\t\t\t\t<div class=\"elementor-container elementor-column-gap-default\">\n\t\t\t\t\t<div class=\"elementor-column elementor-col-100 elementor-top-column elementor-element elementor-element-5cd36e3\" data-id=\"5cd36e3\" data-element_type=\"column\">\n\t\t\t<div class=\"elementor-widget-wrap elementor-element-populated\">\n\t\t\t\t\t\t\t\t<div class=\"elementor-element elementor-element-8964b4f elementor-widget elementor-widget-spacer\" data-id=\"8964b4f\" data-element_type=\"widget\" data-widget_type=\"spacer.default\">\n\t\t\t\t<div class=\"elementor-widget-container\">\n\t\t\t\t\t<div class=\"elementor-spacer\">\n\t\t\t<div class=\"elementor-spacer-inner\"><\/div>\n\t\t<\/div>\n\t\t\t\t<\/div>\n\t\t\t\t<\/div>\n\t\t\t\t\t<\/div>\n\t\t<\/div>\n\t\t\t\t\t\t\t<\/div>\n\t\t<\/section>\n\t\t\t\t<section class=\"elementor-section elementor-top-section elementor-element elementor-element-6771317 elementor-section-content-middle elementor-section-boxed elementor-section-height-default elementor-section-height-default\" data-id=\"6771317\" data-element_type=\"section\" data-settings=\"{&quot;background_background&quot;:&quot;classic&quot;}\">\n\t\t\t\t\t\t<div class=\"elementor-container elementor-column-gap-default\">\n\t\t\t\t\t<div class=\"elementor-column elementor-col-33 elementor-top-column elementor-element elementor-element-59d3dc0\" data-id=\"59d3dc0\" data-element_type=\"column\">\n\t\t\t<div class=\"elementor-widget-wrap elementor-element-populated\">\n\t\t\t\t\t\t\t\t<div class=\"elementor-element elementor-element-0740a5a elementor-widget elementor-widget-image\" data-id=\"0740a5a\" data-element_type=\"widget\" data-widget_type=\"image.default\">\n\t\t\t\t<div class=\"elementor-widget-container\">\n\t\t\t\t\t<div class=\"elementor-image\">\n\t\t\t\t\t\t\t\t\t\t<img decoding=\"async\" src=\"https:\/\/cliniquelorraine.fr\/wp-content\/uploads\/elementor\/thumbs\/laurent-q1yks1ybngs6vzxxzbz7u7txd0fcnum3ph3bq904vo.jpg\" title=\"laurent\" alt=\"laurent\" \/>\t\t\t\t\t\t\t\t\t\t\t<\/div>\n\t\t\t\t<\/div>\n\t\t\t\t<\/div>\n\t\t\t\t\t<\/div>\n\t\t<\/div>\n\t\t\t\t<div class=\"elementor-column elementor-col-66 elementor-top-column elementor-element elementor-element-b8c0c10\" data-id=\"b8c0c10\" data-element_type=\"column\">\n\t\t\t<div class=\"elementor-widget-wrap elementor-element-populated\">\n\t\t\t\t\t\t\t\t<div class=\"elementor-element elementor-element-6c3e671 elementor-widget elementor-widget-text-editor\" data-id=\"6c3e671\" data-element_type=\"widget\" data-widget_type=\"text-editor.default\">\n\t\t\t\t<div class=\"elementor-widget-container\">\n\t\t\t\t\t<div class=\"elementor-text-editor elementor-clearfix\"><p><span style=\"font-weight: 400;\">La Clinique V\u00e9t\u00e9rinaire de Saint-Avold a \u00e9t\u00e9 fond\u00e9e en d\u00e9cembre 1991 par le Dr <strong>Jacques Laurent. <\/strong><\/span><\/p><p><span style=\"font-weight: 400;\">Pr\u00e9curseur en Lorraine dans de nombreuses sp\u00e9cialit\u00e9s v\u00e9t\u00e9rinaires pour animaux de compagnie. <\/span><\/p><p><span style=\"font-weight: 400;\">Il a propos\u00e9 un ensemble de services performants que nous avons eu \u00e0 c\u0153ur de d\u00e9velopper \u00e0 travers une infrastructure moderne dans de nouveaux locaux et des \u00e9quipements technologiques r\u00e9cents adapt\u00e9s aux soins pour animaux de compagnie.\u00a0<\/span><\/p><\/div>\n\t\t\t\t<\/div>\n\t\t\t\t<\/div>\n\t\t\t\t\t<\/div>\n\t\t<\/div>\n\t\t\t\t\t\t\t<\/div>\n\t\t<\/section>\n\t\t\t\t\t\t<\/div>\n\t\t\t\t\t<\/div>\n\t\t","protected":false},"excerpt":{"rendered":"<p>la clinique Nous vous souhaitons la bienvenue dans votre clinique, et nous engageons \u00e0 faire le maximum pour que vous vous y sentiez chez vous. Outre ses comp\u00e9tences m\u00e9dicales et chirurgicales, la clinique se singularise par son \u00e9chelle humaine et sa volont\u00e9 d\u2019assurer une relation privil\u00e9gi\u00e9e avec sa client\u00e8le. L\u2019 \u00e9quipe soignante est d\u00e9vou\u00e9e au&hellip;&nbsp;<a href=\"https:\/\/cliniquelorraine.fr\/index.php\/page-d-exemple\/\" class=\"\" rel=\"bookmark\">Lire la suite &raquo;<span class=\"screen-reader-text\">La clinique<\/span><\/a><\/p>\n","protected":false},"author":1,"featured_media":0,"parent":0,"menu_order":0,"comment_status":"closed","ping_status":"open","template":"","meta":{"neve_meta_sidebar":"","neve_meta_container":"","neve_meta_enable_content_width":"","neve_meta_content_width":0,"neve_meta_title_alignment":"","neve_meta_author_avatar":"","neve_post_elements_order":"","neve_meta_disable_header":"","neve_meta_disable_footer":"","neve_meta_disable_title":"on","_ti_tpc_template_sync":false,"_ti_tpc_template_id":""},"uagb_featured_image_src":{"full":false,"thumbnail":false,"medium":false,"medium_large":false,"large":false,"1536x1536":false,"2048x2048":false,"neve-blog":false},"uagb_author_info":{"display_name":"admin6257","author_link":"https:\/\/cliniquelorraine.fr\/index.php\/author\/admin6257\/"},"uagb_comment_info":0,"uagb_excerpt":"la clinique Nous vous souhaitons la bienvenue dans votre clinique, et nous engageons \u00e0 faire le maximum pour que vous vous y sentiez chez vous. Outre ses comp\u00e9tences m\u00e9dicales et chirurgicales, la clinique se singularise par son \u00e9chelle humaine et sa volont\u00e9 d\u2019assurer une relation privil\u00e9gi\u00e9e avec sa client\u00e8le. L\u2019 \u00e9quipe soignante est d\u00e9vou\u00e9e au&hellip;&nbsp;Lire\u2026","_links":{"self":[{"href":"https:\/\/cliniquelorraine.fr\/index.php\/wp-json\/wp\/v2\/pages\/2"}],"collection":[{"href":"https:\/\/cliniquelorraine.fr\/index.php\/wp-json\/wp\/v2\/pages"}],"about":[{"href":"https:\/\/cliniquelorraine.fr\/index.php\/wp-json\/wp\/v2\/types\/page"}],"author":[{"embeddable":true,"href":"https:\/\/cliniquelorraine.fr\/index.php\/wp-json\/wp\/v2\/users\/1"}],"replies":[{"embeddable":true,"href":"https:\/\/cliniquelorraine.fr\/index.php\/wp-json\/wp\/v2\/comments?post=2"}],"version-history":[{"count":51,"href":"https:\/\/cliniquelorraine.fr\/index.php\/wp-json\/wp\/v2\/pages\/2\/revisions"}],"predecessor-version":[{"id":1448,"href":"https:\/\/cliniquelorraine.fr\/index.php\/wp-json\/wp\/v2\/pages\/2\/revisions\/1448"}],"wp:attachment":[{"href":"https:\/\/cliniquelorraine.fr\/index.php\/wp-json\/wp\/v2\/media?parent=2"}],"curies":[{"name":"wp","href":"https:\/\/api.w.org\/{rel}","templated":true}]}}