{"id":362,"date":"2020-11-21T09:33:38","date_gmt":"2020-11-21T08:33:38","guid":{"rendered":"http:\/\/cliniquelorraine.fr\/?page_id=362"},"modified":"2021-11-01T20:12:26","modified_gmt":"2021-11-01T19:12:26","slug":"consultation-generaliste","status":"publish","type":"page","link":"https:\/\/cliniquelorraine.fr\/index.php\/consultation-generaliste\/","title":{"rendered":"Consultation g\u00e9n\u00e9raliste"},"content":{"rendered":"\t\t<div data-elementor-type=\"wp-page\" data-elementor-id=\"362\" class=\"elementor elementor-362\" data-elementor-settings=\"[]\">\n\t\t\t\t\t\t\t<div class=\"elementor-section-wrap\">\n\t\t\t\t\t\t\t<section class=\"elementor-section elementor-top-section elementor-element elementor-element-d76f96d elementor-section-height-min-height elementor-section-content-middle elementor-section-stretched elementor-section-boxed elementor-section-height-default elementor-section-items-middle\" data-id=\"d76f96d\" data-element_type=\"section\" data-settings=\"{&quot;stretch_section&quot;:&quot;section-stretched&quot;,&quot;background_background&quot;:&quot;classic&quot;}\">\n\t\t\t\t\t\t<div class=\"elementor-container elementor-column-gap-default\">\n\t\t\t\t\t<div class=\"elementor-column elementor-col-100 elementor-top-column elementor-element elementor-element-7863962\" data-id=\"7863962\" data-element_type=\"column\">\n\t\t\t<div class=\"elementor-widget-wrap\">\n\t\t\t\t\t\t\t\t\t<\/div>\n\t\t<\/div>\n\t\t\t\t\t\t\t<\/div>\n\t\t<\/section>\n\t\t\t\t<section class=\"elementor-section elementor-top-section elementor-element elementor-element-ceda75b elementor-section-boxed elementor-section-height-default elementor-section-height-default\" data-id=\"ceda75b\" data-element_type=\"section\" data-settings=\"{&quot;animation&quot;:&quot;none&quot;,&quot;background_background&quot;:&quot;classic&quot;}\">\n\t\t\t\t\t\t<div class=\"elementor-container elementor-column-gap-default\">\n\t\t\t\t\t<div class=\"elementor-column elementor-col-100 elementor-top-column elementor-element elementor-element-f961a32\" data-id=\"f961a32\" data-element_type=\"column\">\n\t\t\t<div class=\"elementor-widget-wrap elementor-element-populated\">\n\t\t\t\t\t\t\t\t<div class=\"elementor-element elementor-element-a47ee92 elementor-widget elementor-widget-heading\" data-id=\"a47ee92\" data-element_type=\"widget\" data-widget_type=\"heading.default\">\n\t\t\t\t<div class=\"elementor-widget-container\">\n\t\t\t<h1 class=\"elementor-heading-title elementor-size-default\">CONSULTATION G\u00c9N\u00c9RALISTE<\/h1>\t\t<\/div>\n\t\t\t\t<\/div>\n\t\t\t\t<div class=\"elementor-element elementor-element-2dcc8c8 elementor-widget elementor-widget-heading\" data-id=\"2dcc8c8\" data-element_type=\"widget\" data-settings=\"{&quot;_animation&quot;:&quot;none&quot;}\" data-widget_type=\"heading.default\">\n\t\t\t\t<div class=\"elementor-widget-container\">\n\t\t\t<h2 class=\"elementor-heading-title elementor-size-default\">Elles sont assur\u00e9es par les 5 v\u00e9t\u00e9rinaires. <\/h2>\t\t<\/div>\n\t\t\t\t<\/div>\n\t\t\t\t<div class=\"elementor-element elementor-element-f08c833 elementor-widget elementor-widget-text-editor\" data-id=\"f08c833\" data-element_type=\"widget\" data-widget_type=\"text-editor.default\">\n\t\t\t\t<div class=\"elementor-widget-container\">\n\t\t\t\t\t<div class=\"elementor-text-editor elementor-clearfix\"><p style=\"text-align: center;\"><span style=\"font-weight: 400; font-family: Exo;\">Bien que polyvalent dans le domaine des soins aux animaux domestiques, chaque praticien poss\u00e8de des domaines de comp\u00e9tence particuliers : le personnel d\u2019accueil saura vous orienter en fonction de la pathologie du patient.<\/span><\/p><\/div>\n\t\t\t\t<\/div>\n\t\t\t\t<\/div>\n\t\t\t\t\t<\/div>\n\t\t<\/div>\n\t\t\t\t\t\t\t<\/div>\n\t\t<\/section>\n\t\t\t\t<section class=\"elementor-section elementor-top-section elementor-element elementor-element-e5b7b69 elementor-section-boxed elementor-section-height-default elementor-section-height-default\" data-id=\"e5b7b69\" data-element_type=\"section\">\n\t\t\t\t\t\t<div class=\"elementor-container elementor-column-gap-default\">\n\t\t\t\t\t<div class=\"elementor-column elementor-col-100 elementor-top-column elementor-element elementor-element-4c1059a\" data-id=\"4c1059a\" data-element_type=\"column\">\n\t\t\t<div class=\"elementor-widget-wrap elementor-element-populated\">\n\t\t\t\t\t\t\t\t<div class=\"elementor-element elementor-element-45ce26a elementor-widget elementor-widget-spacer\" data-id=\"45ce26a\" data-element_type=\"widget\" data-widget_type=\"spacer.default\">\n\t\t\t\t<div class=\"elementor-widget-container\">\n\t\t\t\t\t<div class=\"elementor-spacer\">\n\t\t\t<div class=\"elementor-spacer-inner\"><\/div>\n\t\t<\/div>\n\t\t\t\t<\/div>\n\t\t\t\t<\/div>\n\t\t\t\t\t<\/div>\n\t\t<\/div>\n\t\t\t\t\t\t\t<\/div>\n\t\t<\/section>\n\t\t\t\t<section class=\"elementor-section elementor-top-section elementor-element elementor-element-6f8077a elementor-section-content-middle elementor-section-boxed elementor-section-height-default elementor-section-height-default\" data-id=\"6f8077a\" data-element_type=\"section\">\n\t\t\t\t\t\t<div class=\"elementor-container elementor-column-gap-default\">\n\t\t\t\t\t<div class=\"elementor-column elementor-col-50 elementor-top-column elementor-element elementor-element-8e57a63\" data-id=\"8e57a63\" data-element_type=\"column\">\n\t\t\t<div class=\"elementor-widget-wrap elementor-element-populated\">\n\t\t\t\t\t\t\t\t<div class=\"elementor-element elementor-element-c16d05a elementor-widget elementor-widget-image\" data-id=\"c16d05a\" data-element_type=\"widget\" data-widget_type=\"image.default\">\n\t\t\t\t<div class=\"elementor-widget-container\">\n\t\t\t\t\t<div class=\"elementor-image\">\n\t\t\t\t\t\t\t\t\t\t<img width=\"1024\" height=\"683\" src=\"https:\/\/cliniquelorraine.fr\/wp-content\/uploads\/2021\/10\/IMG_4155-1024x683.jpeg\" class=\"attachment-large size-large\" alt=\"\" decoding=\"async\" loading=\"lazy\" srcset=\"https:\/\/cliniquelorraine.fr\/wp-content\/uploads\/2021\/10\/IMG_4155-1024x683.jpeg 1024w, https:\/\/cliniquelorraine.fr\/wp-content\/uploads\/2021\/10\/IMG_4155-300x200.jpeg 300w, https:\/\/cliniquelorraine.fr\/wp-content\/uploads\/2021\/10\/IMG_4155-768x512.jpeg 768w, https:\/\/cliniquelorraine.fr\/wp-content\/uploads\/2021\/10\/IMG_4155-1536x1024.jpeg 1536w, https:\/\/cliniquelorraine.fr\/wp-content\/uploads\/2021\/10\/IMG_4155-2048x1365.jpeg 2048w, https:\/\/cliniquelorraine.fr\/wp-content\/uploads\/2021\/10\/IMG_4155-930x620.jpeg 930w\" sizes=\"(max-width: 1024px) 100vw, 1024px\" \/>\t\t\t\t\t\t\t\t\t\t\t<\/div>\n\t\t\t\t<\/div>\n\t\t\t\t<\/div>\n\t\t\t\t\t<\/div>\n\t\t<\/div>\n\t\t\t\t<div class=\"elementor-column elementor-col-50 elementor-top-column elementor-element elementor-element-da49727\" data-id=\"da49727\" data-element_type=\"column\">\n\t\t\t<div class=\"elementor-widget-wrap elementor-element-populated\">\n\t\t\t\t\t\t\t\t<div class=\"elementor-element elementor-element-0e55178 elementor-widget elementor-widget-text-editor\" data-id=\"0e55178\" data-element_type=\"widget\" data-widget_type=\"text-editor.default\">\n\t\t\t\t<div class=\"elementor-widget-container\">\n\t\t\t\t\t<div class=\"elementor-text-editor elementor-clearfix\"><p><b>Les consultations vaccinales,<\/b><span style=\"font-weight: 400;\"> de p\u00e9riodicit\u00e9 annuelle, permettent outre la vaccination de l\u2019animal, la d\u00e9tection d\u2019\u00e9ventuelles pathologies parfois non suspect\u00e9es par le propri\u00e9taire et leur prise en charge pr\u00e9coce, curative ou pr\u00e9ventive.<\/span><\/p><\/div>\n\t\t\t\t<\/div>\n\t\t\t\t<\/div>\n\t\t\t\t\t<\/div>\n\t\t<\/div>\n\t\t\t\t\t\t\t<\/div>\n\t\t<\/section>\n\t\t\t\t<section class=\"elementor-section elementor-top-section elementor-element elementor-element-2d038d0 elementor-section-content-middle elementor-section-boxed elementor-section-height-default elementor-section-height-default\" data-id=\"2d038d0\" data-element_type=\"section\">\n\t\t\t\t\t\t<div class=\"elementor-container elementor-column-gap-default\">\n\t\t\t\t\t<div class=\"elementor-column elementor-col-50 elementor-top-column elementor-element elementor-element-941e149\" data-id=\"941e149\" data-element_type=\"column\">\n\t\t\t<div class=\"elementor-widget-wrap elementor-element-populated\">\n\t\t\t\t\t\t\t\t<div class=\"elementor-element elementor-element-ef90198 elementor-widget elementor-widget-text-editor\" data-id=\"ef90198\" data-element_type=\"widget\" data-widget_type=\"text-editor.default\">\n\t\t\t\t<div class=\"elementor-widget-container\">\n\t\t\t\t\t<div class=\"elementor-text-editor elementor-clearfix\"><p><b>Les consultations m\u00e9dicales<\/b><span style=\"font-weight: 400;\"> concernent l\u2019ensemble du domaine pathologique.\u00a0<\/span><\/p><\/div>\n\t\t\t\t<\/div>\n\t\t\t\t<\/div>\n\t\t\t\t\t<\/div>\n\t\t<\/div>\n\t\t\t\t<div class=\"elementor-column elementor-col-50 elementor-top-column elementor-element elementor-element-3e2fcf0\" data-id=\"3e2fcf0\" data-element_type=\"column\">\n\t\t\t<div class=\"elementor-widget-wrap elementor-element-populated\">\n\t\t\t\t\t\t\t\t<div class=\"elementor-element elementor-element-a4a6d0c elementor-widget elementor-widget-image\" data-id=\"a4a6d0c\" data-element_type=\"widget\" data-widget_type=\"image.default\">\n\t\t\t\t<div class=\"elementor-widget-container\">\n\t\t\t\t\t<div class=\"elementor-image\">\n\t\t\t\t\t\t\t\t\t\t<img width=\"1024\" height=\"683\" src=\"https:\/\/cliniquelorraine.fr\/wp-content\/uploads\/2021\/10\/IMG_4187-1024x683.jpg\" class=\"attachment-large size-large\" alt=\"\" decoding=\"async\" loading=\"lazy\" srcset=\"https:\/\/cliniquelorraine.fr\/wp-content\/uploads\/2021\/10\/IMG_4187-1024x683.jpg 1024w, https:\/\/cliniquelorraine.fr\/wp-content\/uploads\/2021\/10\/IMG_4187-300x200.jpg 300w, https:\/\/cliniquelorraine.fr\/wp-content\/uploads\/2021\/10\/IMG_4187-768x512.jpg 768w, https:\/\/cliniquelorraine.fr\/wp-content\/uploads\/2021\/10\/IMG_4187-1536x1024.jpg 1536w, https:\/\/cliniquelorraine.fr\/wp-content\/uploads\/2021\/10\/IMG_4187-2048x1365.jpg 2048w, https:\/\/cliniquelorraine.fr\/wp-content\/uploads\/2021\/10\/IMG_4187-930x620.jpg 930w\" sizes=\"(max-width: 1024px) 100vw, 1024px\" \/>\t\t\t\t\t\t\t\t\t\t\t<\/div>\n\t\t\t\t<\/div>\n\t\t\t\t<\/div>\n\t\t\t\t<div class=\"elementor-element elementor-element-968eaac elementor-widget elementor-widget-image\" data-id=\"968eaac\" data-element_type=\"widget\" data-widget_type=\"image.default\">\n\t\t\t\t<div class=\"elementor-widget-container\">\n\t\t\t\t\t<div class=\"elementor-image\">\n\t\t\t\t\t\t\t\t\t\t<img decoding=\"async\" src=\"http:\/\/cliniquelorraine.fr\/wp-content\/uploads\/2021\/03\/andy-holmes-t7m-niBprAk-unsplash-scaled.jpg\" title=\"\" alt=\"\" \/>\t\t\t\t\t\t\t\t\t\t\t<\/div>\n\t\t\t\t<\/div>\n\t\t\t\t<\/div>\n\t\t\t\t\t<\/div>\n\t\t<\/div>\n\t\t\t\t\t\t\t<\/div>\n\t\t<\/section>\n\t\t\t\t<section class=\"elementor-section elementor-top-section elementor-element elementor-element-6f747f5 elementor-section-content-middle elementor-section-boxed elementor-section-height-default elementor-section-height-default\" data-id=\"6f747f5\" data-element_type=\"section\">\n\t\t\t\t\t\t<div class=\"elementor-container elementor-column-gap-default\">\n\t\t\t\t\t<div class=\"elementor-column elementor-col-50 elementor-top-column elementor-element elementor-element-3044f62\" data-id=\"3044f62\" data-element_type=\"column\">\n\t\t\t<div class=\"elementor-widget-wrap elementor-element-populated\">\n\t\t\t\t\t\t\t\t<div class=\"elementor-element elementor-element-90064ed elementor-widget elementor-widget-image\" data-id=\"90064ed\" data-element_type=\"widget\" data-widget_type=\"image.default\">\n\t\t\t\t<div class=\"elementor-widget-container\">\n\t\t\t\t\t<div class=\"elementor-image\">\n\t\t\t\t\t\t\t\t\t\t<img width=\"1024\" height=\"768\" src=\"https:\/\/cliniquelorraine.fr\/wp-content\/uploads\/2021\/08\/IMG_2217-1024x768.jpeg\" class=\"attachment-large size-large\" alt=\"auscultation chien\" decoding=\"async\" loading=\"lazy\" srcset=\"https:\/\/cliniquelorraine.fr\/wp-content\/uploads\/2021\/08\/IMG_2217-1024x768.jpeg 1024w, https:\/\/cliniquelorraine.fr\/wp-content\/uploads\/2021\/08\/IMG_2217-300x225.jpeg 300w, https:\/\/cliniquelorraine.fr\/wp-content\/uploads\/2021\/08\/IMG_2217-768x576.jpeg 768w, https:\/\/cliniquelorraine.fr\/wp-content\/uploads\/2021\/08\/IMG_2217-1536x1152.jpeg 1536w, https:\/\/cliniquelorraine.fr\/wp-content\/uploads\/2021\/08\/IMG_2217-2048x1536.jpeg 2048w\" sizes=\"(max-width: 1024px) 100vw, 1024px\" \/>\t\t\t\t\t\t\t\t\t\t\t<\/div>\n\t\t\t\t<\/div>\n\t\t\t\t<\/div>\n\t\t\t\t\t<\/div>\n\t\t<\/div>\n\t\t\t\t<div class=\"elementor-column elementor-col-50 elementor-top-column elementor-element elementor-element-6607c87\" data-id=\"6607c87\" data-element_type=\"column\">\n\t\t\t<div class=\"elementor-widget-wrap elementor-element-populated\">\n\t\t\t\t\t\t\t\t<div class=\"elementor-element elementor-element-5afd85d elementor-widget elementor-widget-text-editor\" data-id=\"5afd85d\" data-element_type=\"widget\" data-widget_type=\"text-editor.default\">\n\t\t\t\t<div class=\"elementor-widget-container\">\n\t\t\t\t\t<div class=\"elementor-text-editor elementor-clearfix\"><p><b>Les consultations chirurgicales<\/b><span style=\"font-weight: 400;\"> permettent de pr\u00e9parer de fa\u00e7on optimale l\u2019intervention chirurgicale que doit subir le patient. Elles ont aussi pour but d\u2019assurer son suivi post-op\u00e9ratoire dans les meilleures conditions.<\/span><\/p><\/div>\n\t\t\t\t<\/div>\n\t\t\t\t<\/div>\n\t\t\t\t\t<\/div>\n\t\t<\/div>\n\t\t\t\t\t\t\t<\/div>\n\t\t<\/section>\n\t\t\t\t<section class=\"elementor-section elementor-top-section elementor-element elementor-element-0849d7c elementor-section-boxed elementor-section-height-default elementor-section-height-default\" data-id=\"0849d7c\" data-element_type=\"section\">\n\t\t\t\t\t\t<div class=\"elementor-container elementor-column-gap-default\">\n\t\t\t\t\t<div class=\"elementor-column elementor-col-100 elementor-top-column elementor-element elementor-element-0c906a0\" data-id=\"0c906a0\" data-element_type=\"column\">\n\t\t\t<div class=\"elementor-widget-wrap elementor-element-populated\">\n\t\t\t\t\t\t\t\t<div class=\"elementor-element elementor-element-9753992 elementor-widget elementor-widget-spacer\" data-id=\"9753992\" data-element_type=\"widget\" data-widget_type=\"spacer.default\">\n\t\t\t\t<div class=\"elementor-widget-container\">\n\t\t\t\t\t<div class=\"elementor-spacer\">\n\t\t\t<div class=\"elementor-spacer-inner\"><\/div>\n\t\t<\/div>\n\t\t\t\t<\/div>\n\t\t\t\t<\/div>\n\t\t\t\t\t<\/div>\n\t\t<\/div>\n\t\t\t\t\t\t\t<\/div>\n\t\t<\/section>\n\t\t\t\t<section class=\"elementor-section elementor-top-section elementor-element elementor-element-43a2117 elementor-section-boxed elementor-section-height-default elementor-section-height-default\" data-id=\"43a2117\" data-element_type=\"section\">\n\t\t\t\t\t\t<div class=\"elementor-container elementor-column-gap-default\">\n\t\t\t\t\t<div class=\"elementor-column elementor-col-100 elementor-top-column elementor-element elementor-element-ad4870d\" data-id=\"ad4870d\" data-element_type=\"column\">\n\t\t\t<div class=\"elementor-widget-wrap elementor-element-populated\">\n\t\t\t\t\t\t\t\t<div class=\"elementor-element elementor-element-819184d elementor-widget elementor-widget-text-editor\" data-id=\"819184d\" data-element_type=\"widget\" data-widget_type=\"text-editor.default\">\n\t\t\t\t<div class=\"elementor-widget-container\">\n\t\t\t\t\t<div class=\"elementor-text-editor elementor-clearfix\"><p><span style=\"font-weight: 400;\">En m\u00e9decine v\u00e9t\u00e9rinaire comme en m\u00e9decine humaine, l\u2019accent est mis sur la pr\u00e9vention des pathologies. Le suivi r\u00e9gulier des jeunes animaux permet d\u2019\u00e9viter des accidents de croissance. De la m\u00eame fa\u00e7on, des visites g\u00e9riatriques r\u00e9guli\u00e8res ont pour but de d\u00e9celer rapidement des troubles li\u00e9s au vieillissement.<\/span><\/p><\/div>\n\t\t\t\t<\/div>\n\t\t\t\t<\/div>\n\t\t\t\t\t<\/div>\n\t\t<\/div>\n\t\t\t\t\t\t\t<\/div>\n\t\t<\/section>\n\t\t\t\t<section class=\"elementor-section elementor-top-section elementor-element elementor-element-8eb9ecf elementor-section-boxed elementor-section-height-default elementor-section-height-default\" data-id=\"8eb9ecf\" data-element_type=\"section\">\n\t\t\t\t\t\t<div class=\"elementor-container elementor-column-gap-default\">\n\t\t\t\t\t<div class=\"elementor-column elementor-col-100 elementor-top-column elementor-element elementor-element-5daed9d\" data-id=\"5daed9d\" data-element_type=\"column\">\n\t\t\t<div class=\"elementor-widget-wrap elementor-element-populated\">\n\t\t\t\t\t\t\t\t<div class=\"elementor-element elementor-element-1723eb8 elementor-widget elementor-widget-spacer\" data-id=\"1723eb8\" data-element_type=\"widget\" data-widget_type=\"spacer.default\">\n\t\t\t\t<div class=\"elementor-widget-container\">\n\t\t\t\t\t<div class=\"elementor-spacer\">\n\t\t\t<div class=\"elementor-spacer-inner\"><\/div>\n\t\t<\/div>\n\t\t\t\t<\/div>\n\t\t\t\t<\/div>\n\t\t\t\t<div class=\"elementor-element elementor-element-5ab0202 elementor-align-center elementor-widget elementor-widget-button\" data-id=\"5ab0202\" data-element_type=\"widget\" data-widget_type=\"button.default\">\n\t\t\t\t<div class=\"elementor-widget-container\">\n\t\t\t\t\t<div class=\"elementor-button-wrapper\">\n\t\t\t<a href=\"http:\/\/cliniquelorraine.fr\/index.php\/rendez-vous\/\" target=\"_blank\" class=\"elementor-button-link elementor-button elementor-size-sm\" role=\"button\">\n\t\t\t\t\t\t<span class=\"elementor-button-content-wrapper\">\n\t\t\t\t\t\t<span class=\"elementor-button-text\">Prendre rendez-vous<\/span>\n\t\t<\/span>\n\t\t\t\t\t<\/a>\n\t\t<\/div>\n\t\t\t\t<\/div>\n\t\t\t\t<\/div>\n\t\t\t\t\t<\/div>\n\t\t<\/div>\n\t\t\t\t\t\t\t<\/div>\n\t\t<\/section>\n\t\t\t\t\t\t<\/div>\n\t\t\t\t\t<\/div>\n\t\t","protected":false},"excerpt":{"rendered":"<p>CONSULTATION G\u00c9N\u00c9RALISTE Elles sont assur\u00e9es par les 5 v\u00e9t\u00e9rinaires. Bien que polyvalent dans le domaine des soins aux animaux domestiques, chaque praticien poss\u00e8de des domaines de comp\u00e9tence particuliers : le personnel d\u2019accueil saura vous orienter en fonction de la pathologie du patient. Les consultations vaccinales, de p\u00e9riodicit\u00e9 annuelle, permettent outre la vaccination de l\u2019animal, la&hellip;&nbsp;<a href=\"https:\/\/cliniquelorraine.fr\/index.php\/consultation-generaliste\/\" class=\"\" rel=\"bookmark\">Lire la suite &raquo;<span class=\"screen-reader-text\">Consultation g\u00e9n\u00e9raliste<\/span><\/a><\/p>\n","protected":false},"author":1,"featured_media":0,"parent":0,"menu_order":0,"comment_status":"closed","ping_status":"closed","template":"","meta":{"neve_meta_sidebar":"","neve_meta_container":"","neve_meta_enable_content_width":"","neve_meta_content_width":0,"neve_meta_title_alignment":"","neve_meta_author_avatar":"","neve_post_elements_order":"","neve_meta_disable_header":"","neve_meta_disable_footer":"","neve_meta_disable_title":"on","_ti_tpc_template_sync":false,"_ti_tpc_template_id":""},"uagb_featured_image_src":{"full":false,"thumbnail":false,"medium":false,"medium_large":false,"large":false,"1536x1536":false,"2048x2048":false,"neve-blog":false},"uagb_author_info":{"display_name":"admin6257","author_link":"https:\/\/cliniquelorraine.fr\/index.php\/author\/admin6257\/"},"uagb_comment_info":0,"uagb_excerpt":"CONSULTATION G\u00c9N\u00c9RALISTE Elles sont assur\u00e9es par les 5 v\u00e9t\u00e9rinaires. Bien que polyvalent dans le domaine des soins aux animaux domestiques, chaque praticien poss\u00e8de des domaines de comp\u00e9tence particuliers : le personnel d\u2019accueil saura vous orienter en fonction de la pathologie du patient. Les consultations vaccinales, de p\u00e9riodicit\u00e9 annuelle, permettent outre la vaccination de l\u2019animal, la&hellip;&nbsp;Lire\u2026","_links":{"self":[{"href":"https:\/\/cliniquelorraine.fr\/index.php\/wp-json\/wp\/v2\/pages\/362"}],"collection":[{"href":"https:\/\/cliniquelorraine.fr\/index.php\/wp-json\/wp\/v2\/pages"}],"about":[{"href":"https:\/\/cliniquelorraine.fr\/index.php\/wp-json\/wp\/v2\/types\/page"}],"author":[{"embeddable":true,"href":"https:\/\/cliniquelorraine.fr\/index.php\/wp-json\/wp\/v2\/users\/1"}],"replies":[{"embeddable":true,"href":"https:\/\/cliniquelorraine.fr\/index.php\/wp-json\/wp\/v2\/comments?post=362"}],"version-history":[{"count":34,"href":"https:\/\/cliniquelorraine.fr\/index.php\/wp-json\/wp\/v2\/pages\/362\/revisions"}],"predecessor-version":[{"id":1721,"href":"https:\/\/cliniquelorraine.fr\/index.php\/wp-json\/wp\/v2\/pages\/362\/revisions\/1721"}],"wp:attachment":[{"href":"https:\/\/cliniquelorraine.fr\/index.php\/wp-json\/wp\/v2\/media?parent=362"}],"curies":[{"name":"wp","href":"https:\/\/api.w.org\/{rel}","templated":true}]}}