{"id":370,"date":"2020-11-21T09:41:41","date_gmt":"2020-11-21T08:41:41","guid":{"rendered":"http:\/\/cliniquelorraine.fr\/?page_id=370"},"modified":"2021-11-01T20:29:44","modified_gmt":"2021-11-01T19:29:44","slug":"comportement","status":"publish","type":"page","link":"https:\/\/cliniquelorraine.fr\/index.php\/comportement\/","title":{"rendered":"Comportement"},"content":{"rendered":"\t\t<div data-elementor-type=\"wp-page\" data-elementor-id=\"370\" class=\"elementor elementor-370\" data-elementor-settings=\"[]\">\n\t\t\t\t\t\t\t<div class=\"elementor-section-wrap\">\n\t\t\t\t\t\t\t<section class=\"elementor-section elementor-top-section elementor-element elementor-element-69d3f9b elementor-section-height-min-height elementor-section-content-middle elementor-section-stretched elementor-section-boxed elementor-section-height-default elementor-section-items-middle\" data-id=\"69d3f9b\" data-element_type=\"section\" data-settings=\"{&quot;stretch_section&quot;:&quot;section-stretched&quot;,&quot;background_background&quot;:&quot;classic&quot;}\">\n\t\t\t\t\t\t<div class=\"elementor-container elementor-column-gap-default\">\n\t\t\t\t\t<div class=\"elementor-column elementor-col-100 elementor-top-column elementor-element elementor-element-33904ad\" data-id=\"33904ad\" data-element_type=\"column\">\n\t\t\t<div class=\"elementor-widget-wrap\">\n\t\t\t\t\t\t\t\t\t<\/div>\n\t\t<\/div>\n\t\t\t\t\t\t\t<\/div>\n\t\t<\/section>\n\t\t\t\t<section class=\"elementor-section elementor-top-section elementor-element elementor-element-ca2de3e elementor-section-boxed elementor-section-height-default elementor-section-height-default\" data-id=\"ca2de3e\" data-element_type=\"section\" data-settings=\"{&quot;animation&quot;:&quot;none&quot;,&quot;background_background&quot;:&quot;classic&quot;}\">\n\t\t\t\t\t\t<div class=\"elementor-container elementor-column-gap-default\">\n\t\t\t\t\t<div class=\"elementor-column elementor-col-100 elementor-top-column elementor-element elementor-element-e81fbbf\" data-id=\"e81fbbf\" data-element_type=\"column\">\n\t\t\t<div class=\"elementor-widget-wrap elementor-element-populated\">\n\t\t\t\t\t\t\t\t<div class=\"elementor-element elementor-element-f4a9dba elementor-widget elementor-widget-heading\" data-id=\"f4a9dba\" data-element_type=\"widget\" data-widget_type=\"heading.default\">\n\t\t\t\t<div class=\"elementor-widget-container\">\n\t\t\t<h1 class=\"elementor-heading-title elementor-size-default\">Comportement<\/h1>\t\t<\/div>\n\t\t\t\t<\/div>\n\t\t\t\t<div class=\"elementor-element elementor-element-f202239 elementor-widget elementor-widget-text-editor\" data-id=\"f202239\" data-element_type=\"widget\" data-settings=\"{&quot;_animation&quot;:&quot;none&quot;}\" data-widget_type=\"text-editor.default\">\n\t\t\t\t<div class=\"elementor-widget-container\">\n\t\t\t\t\t<div class=\"elementor-text-editor elementor-clearfix\"><p style=\"text-align: center;\"><span style=\"font-weight: 400; font-family: Exo; font-size: 16px;\">La consultation consiste \u00e0 explorer les troubles du comportement de l\u2019animal, les troubles de la relation homme-animal, \u00e0 en d\u00e9terminer les causes et \u00e0 mettre en place les th\u00e9rapies les mieux adapt\u00e9es.<\/span><\/p>\n<p style=\"text-align: center;\"><span style=\"font-family: Exo;\">Les consultations sont assur\u00e9es par le <strong>Dr Commaret<\/strong> titulaire du <strong>DU de Psychiatrie V\u00e9t\u00e9rinaire<\/strong>.<\/span><\/p><\/div>\n\t\t\t\t<\/div>\n\t\t\t\t<\/div>\n\t\t\t\t\t<\/div>\n\t\t<\/div>\n\t\t\t\t\t\t\t<\/div>\n\t\t<\/section>\n\t\t\t\t<section class=\"elementor-section elementor-top-section elementor-element elementor-element-11559d71 elementor-section-boxed elementor-section-height-default elementor-section-height-default\" data-id=\"11559d71\" data-element_type=\"section\">\n\t\t\t\t\t\t<div class=\"elementor-container elementor-column-gap-default\">\n\t\t\t\t\t<div class=\"elementor-column elementor-col-100 elementor-top-column elementor-element elementor-element-3926f961\" data-id=\"3926f961\" data-element_type=\"column\">\n\t\t\t<div class=\"elementor-widget-wrap elementor-element-populated\">\n\t\t\t\t\t\t\t\t<div class=\"elementor-element elementor-element-47f9371c elementor-widget elementor-widget-text-editor\" data-id=\"47f9371c\" data-element_type=\"widget\" data-widget_type=\"text-editor.default\">\n\t\t\t\t<div class=\"elementor-widget-container\">\n\t\t\t\t\t<div class=\"elementor-text-editor elementor-clearfix\"><!-- wp:paragraph --><!-- \/wp:paragraph --><!-- wp:tadv\/classic-paragraph -->\n<p>Les principaux motifs de consultation sont\u00a0:<\/p>\n<ul>\n<li>Agitation, excitation, impulsivit\u00e9<\/li>\n<li>Peur<\/li>\n<li>Malpropret\u00e9<\/li>\n<li>Destruction<\/li>\n<li>Aboiements excessifs<\/li>\n<li>Comportements compulsifs<\/li>\n<\/ul>\n<p>\u00a0<\/p>\n<p>Informations<strong> pratiques\u00a0:<\/strong><\/p>\n<!-- \/wp:tadv\/classic-paragraph --><\/div>\n\t\t\t\t<\/div>\n\t\t\t\t<\/div>\n\t\t\t\t\t<\/div>\n\t\t<\/div>\n\t\t\t\t\t\t\t<\/div>\n\t\t<\/section>\n\t\t\t\t<section class=\"elementor-section elementor-top-section elementor-element elementor-element-bc63fee elementor-section-boxed elementor-section-height-default elementor-section-height-default\" data-id=\"bc63fee\" data-element_type=\"section\">\n\t\t\t\t\t\t<div class=\"elementor-container elementor-column-gap-default\">\n\t\t\t\t\t<div class=\"elementor-column elementor-col-100 elementor-top-column elementor-element elementor-element-89f9cb4\" data-id=\"89f9cb4\" data-element_type=\"column\">\n\t\t\t<div class=\"elementor-widget-wrap elementor-element-populated\">\n\t\t\t\t\t\t\t\t<div class=\"elementor-element elementor-element-30517a4 elementor-widget elementor-widget-image\" data-id=\"30517a4\" data-element_type=\"widget\" data-widget_type=\"image.default\">\n\t\t\t\t<div class=\"elementor-widget-container\">\n\t\t\t\t\t<div class=\"elementor-image\">\n\t\t\t\t\t\t\t\t\t\t<img width=\"1024\" height=\"683\" src=\"https:\/\/cliniquelorraine.fr\/wp-content\/uploads\/2021\/10\/IMG_4137-1024x683.jpeg\" class=\"attachment-large size-large\" alt=\"\" decoding=\"async\" loading=\"lazy\" srcset=\"https:\/\/cliniquelorraine.fr\/wp-content\/uploads\/2021\/10\/IMG_4137-1024x683.jpeg 1024w, https:\/\/cliniquelorraine.fr\/wp-content\/uploads\/2021\/10\/IMG_4137-300x200.jpeg 300w, https:\/\/cliniquelorraine.fr\/wp-content\/uploads\/2021\/10\/IMG_4137-768x512.jpeg 768w, https:\/\/cliniquelorraine.fr\/wp-content\/uploads\/2021\/10\/IMG_4137-1536x1024.jpeg 1536w, https:\/\/cliniquelorraine.fr\/wp-content\/uploads\/2021\/10\/IMG_4137-2048x1365.jpeg 2048w, https:\/\/cliniquelorraine.fr\/wp-content\/uploads\/2021\/10\/IMG_4137-930x620.jpeg 930w\" sizes=\"(max-width: 1024px) 100vw, 1024px\" \/>\t\t\t\t\t\t\t\t\t\t\t<\/div>\n\t\t\t\t<\/div>\n\t\t\t\t<\/div>\n\t\t\t\t\t<\/div>\n\t\t<\/div>\n\t\t\t\t\t\t\t<\/div>\n\t\t<\/section>\n\t\t\t\t<section class=\"elementor-section elementor-top-section elementor-element elementor-element-e84a5df elementor-section-boxed elementor-section-height-default elementor-section-height-default\" data-id=\"e84a5df\" data-element_type=\"section\">\n\t\t\t\t\t\t<div class=\"elementor-container elementor-column-gap-default\">\n\t\t\t\t\t<div class=\"elementor-column elementor-col-50 elementor-top-column elementor-element elementor-element-070b5f2\" data-id=\"070b5f2\" data-element_type=\"column\">\n\t\t\t<div class=\"elementor-widget-wrap elementor-element-populated\">\n\t\t\t\t\t\t\t\t<div class=\"elementor-element elementor-element-841c298 elementor-widget elementor-widget-text-editor\" data-id=\"841c298\" data-element_type=\"widget\" data-widget_type=\"text-editor.default\">\n\t\t\t\t<div class=\"elementor-widget-container\">\n\t\t\t\t\t<div class=\"elementor-text-editor elementor-clearfix\"><p>La premi\u00e8re consultation <strong>dure environ 1 heure,<\/strong> elle comprend un entretien avec les propri\u00e9taires ainsi qu\u2019un examen m\u00e9dical.<\/p><\/div>\n\t\t\t\t<\/div>\n\t\t\t\t<\/div>\n\t\t\t\t<div class=\"elementor-element elementor-element-aa4518e elementor-widget elementor-widget-text-editor\" data-id=\"aa4518e\" data-element_type=\"widget\" data-widget_type=\"text-editor.default\">\n\t\t\t\t<div class=\"elementor-widget-container\">\n\t\t\t\t\t<div class=\"elementor-text-editor elementor-clearfix\"><p><span style=\"font-weight: 400;\"><strong>Si possible un plan sommaire du lieu de vie sera fourni,<\/strong> ainsi que des photos et\/ou vid\u00e9os.<br \/><br \/><\/span><\/p><\/div>\n\t\t\t\t<\/div>\n\t\t\t\t<\/div>\n\t\t\t\t\t<\/div>\n\t\t<\/div>\n\t\t\t\t<div class=\"elementor-column elementor-col-50 elementor-top-column elementor-element elementor-element-c1d7845\" data-id=\"c1d7845\" data-element_type=\"column\">\n\t\t\t<div class=\"elementor-widget-wrap elementor-element-populated\">\n\t\t\t\t\t\t\t\t<div class=\"elementor-element elementor-element-059ba96 elementor-widget elementor-widget-text-editor\" data-id=\"059ba96\" data-element_type=\"widget\" data-widget_type=\"text-editor.default\">\n\t\t\t\t<div class=\"elementor-widget-container\">\n\t\t\t\t\t<div class=\"elementor-text-editor elementor-clearfix\"><p><span style=\"font-weight: 400;\">Il est souhaitable que toutes les <strong>personnes vivant avec l\u2019animal soient pr\u00e9sentes.<\/strong><\/span><\/p><\/div>\n\t\t\t\t<\/div>\n\t\t\t\t<\/div>\n\t\t\t\t<div class=\"elementor-element elementor-element-7847c37 elementor-widget elementor-widget-text-editor\" data-id=\"7847c37\" data-element_type=\"widget\" data-widget_type=\"text-editor.default\">\n\t\t\t\t<div class=\"elementor-widget-container\">\n\t\t\t\t\t<div class=\"elementor-text-editor elementor-clearfix\"><p><span style=\"font-weight: 400;\">A l&rsquo;issue de cette premi\u00e8re consultation, <strong>le v\u00e9t\u00e9rinaire prescrit une th\u00e9rapie comportementale<\/strong> (conseils pratiques, exercices) et si n\u00e9cessaire un traitement m\u00e9dical.<\/span><\/p><\/div>\n\t\t\t\t<\/div>\n\t\t\t\t<\/div>\n\t\t\t\t\t<\/div>\n\t\t<\/div>\n\t\t\t\t\t\t\t<\/div>\n\t\t<\/section>\n\t\t\t\t<section class=\"elementor-section elementor-top-section elementor-element elementor-element-e6c2701 elementor-section-boxed elementor-section-height-default elementor-section-height-default\" data-id=\"e6c2701\" data-element_type=\"section\">\n\t\t\t\t\t\t<div class=\"elementor-container elementor-column-gap-default\">\n\t\t\t\t\t<div class=\"elementor-column elementor-col-100 elementor-top-column elementor-element elementor-element-d4d252f\" data-id=\"d4d252f\" data-element_type=\"column\">\n\t\t\t<div class=\"elementor-widget-wrap elementor-element-populated\">\n\t\t\t\t\t\t\t\t<div class=\"elementor-element elementor-element-e763262 elementor-widget elementor-widget-spacer\" data-id=\"e763262\" data-element_type=\"widget\" data-widget_type=\"spacer.default\">\n\t\t\t\t<div class=\"elementor-widget-container\">\n\t\t\t\t\t<div class=\"elementor-spacer\">\n\t\t\t<div class=\"elementor-spacer-inner\"><\/div>\n\t\t<\/div>\n\t\t\t\t<\/div>\n\t\t\t\t<\/div>\n\t\t\t\t<div class=\"elementor-element elementor-element-2235be2 elementor-align-center elementor-widget elementor-widget-button\" data-id=\"2235be2\" data-element_type=\"widget\" data-widget_type=\"button.default\">\n\t\t\t\t<div class=\"elementor-widget-container\">\n\t\t\t\t\t<div class=\"elementor-button-wrapper\">\n\t\t\t<a href=\"http:\/\/cliniquelorraine.fr\/index.php\/rendez-vous\/\" target=\"_blank\" class=\"elementor-button-link elementor-button elementor-size-sm\" role=\"button\">\n\t\t\t\t\t\t<span class=\"elementor-button-content-wrapper\">\n\t\t\t\t\t\t<span class=\"elementor-button-text\">Prendre rendez-vous<\/span>\n\t\t<\/span>\n\t\t\t\t\t<\/a>\n\t\t<\/div>\n\t\t\t\t<\/div>\n\t\t\t\t<\/div>\n\t\t\t\t\t<\/div>\n\t\t<\/div>\n\t\t\t\t\t\t\t<\/div>\n\t\t<\/section>\n\t\t\t\t\t\t<\/div>\n\t\t\t\t\t<\/div>\n\t\t","protected":false},"excerpt":{"rendered":"<p>Comportement La consultation consiste \u00e0 explorer les troubles du comportement de l\u2019animal, les troubles de la relation homme-animal, \u00e0 en d\u00e9terminer les causes et \u00e0 mettre en place les th\u00e9rapies les mieux adapt\u00e9es. Les consultations sont assur\u00e9es par le Dr Commaret titulaire du DU de Psychiatrie V\u00e9t\u00e9rinaire. Les principaux motifs de consultation sont\u00a0: Agitation, excitation,&hellip;&nbsp;<a href=\"https:\/\/cliniquelorraine.fr\/index.php\/comportement\/\" class=\"\" rel=\"bookmark\">Lire la suite &raquo;<span class=\"screen-reader-text\">Comportement<\/span><\/a><\/p>\n","protected":false},"author":1,"featured_media":0,"parent":0,"menu_order":0,"comment_status":"closed","ping_status":"closed","template":"","meta":{"neve_meta_sidebar":"","neve_meta_container":"","neve_meta_enable_content_width":"","neve_meta_content_width":0,"neve_meta_title_alignment":"","neve_meta_author_avatar":"","neve_post_elements_order":"","neve_meta_disable_header":"","neve_meta_disable_footer":"","neve_meta_disable_title":"on","_ti_tpc_template_sync":false,"_ti_tpc_template_id":""},"uagb_featured_image_src":{"full":false,"thumbnail":false,"medium":false,"medium_large":false,"large":false,"1536x1536":false,"2048x2048":false,"neve-blog":false},"uagb_author_info":{"display_name":"admin6257","author_link":"https:\/\/cliniquelorraine.fr\/index.php\/author\/admin6257\/"},"uagb_comment_info":0,"uagb_excerpt":"Comportement La consultation consiste \u00e0 explorer les troubles du comportement de l\u2019animal, les troubles de la relation homme-animal, \u00e0 en d\u00e9terminer les causes et \u00e0 mettre en place les th\u00e9rapies les mieux adapt\u00e9es. Les consultations sont assur\u00e9es par le Dr Commaret titulaire du DU de Psychiatrie V\u00e9t\u00e9rinaire. Les principaux motifs de consultation sont\u00a0: Agitation, excitation,&hellip;&nbsp;Lire\u2026","_links":{"self":[{"href":"https:\/\/cliniquelorraine.fr\/index.php\/wp-json\/wp\/v2\/pages\/370"}],"collection":[{"href":"https:\/\/cliniquelorraine.fr\/index.php\/wp-json\/wp\/v2\/pages"}],"about":[{"href":"https:\/\/cliniquelorraine.fr\/index.php\/wp-json\/wp\/v2\/types\/page"}],"author":[{"embeddable":true,"href":"https:\/\/cliniquelorraine.fr\/index.php\/wp-json\/wp\/v2\/users\/1"}],"replies":[{"embeddable":true,"href":"https:\/\/cliniquelorraine.fr\/index.php\/wp-json\/wp\/v2\/comments?post=370"}],"version-history":[{"count":31,"href":"https:\/\/cliniquelorraine.fr\/index.php\/wp-json\/wp\/v2\/pages\/370\/revisions"}],"predecessor-version":[{"id":1747,"href":"https:\/\/cliniquelorraine.fr\/index.php\/wp-json\/wp\/v2\/pages\/370\/revisions\/1747"}],"wp:attachment":[{"href":"https:\/\/cliniquelorraine.fr\/index.php\/wp-json\/wp\/v2\/media?parent=370"}],"curies":[{"name":"wp","href":"https:\/\/api.w.org\/{rel}","templated":true}]}}