{"id":372,"date":"2020-11-21T09:45:35","date_gmt":"2020-11-21T08:45:35","guid":{"rendered":"http:\/\/cliniquelorraine.fr\/?page_id=372"},"modified":"2021-11-01T20:11:27","modified_gmt":"2021-11-01T19:11:27","slug":"osteopathie","status":"publish","type":"page","link":"https:\/\/cliniquelorraine.fr\/index.php\/osteopathie\/","title":{"rendered":"Ost\u00e9opathie"},"content":{"rendered":"\t\t<div data-elementor-type=\"wp-page\" data-elementor-id=\"372\" class=\"elementor elementor-372\" data-elementor-settings=\"[]\">\n\t\t\t\t\t\t\t<div class=\"elementor-section-wrap\">\n\t\t\t\t\t\t\t<section class=\"elementor-section elementor-top-section elementor-element elementor-element-a40c6f8 elementor-section-height-min-height elementor-section-content-middle elementor-section-stretched elementor-section-boxed elementor-section-height-default elementor-section-items-middle\" data-id=\"a40c6f8\" data-element_type=\"section\" data-settings=\"{&quot;stretch_section&quot;:&quot;section-stretched&quot;,&quot;background_background&quot;:&quot;classic&quot;}\">\n\t\t\t\t\t\t<div class=\"elementor-container elementor-column-gap-default\">\n\t\t\t\t\t<div class=\"elementor-column elementor-col-100 elementor-top-column elementor-element elementor-element-23815d9\" data-id=\"23815d9\" data-element_type=\"column\">\n\t\t\t<div class=\"elementor-widget-wrap\">\n\t\t\t\t\t\t\t\t\t<\/div>\n\t\t<\/div>\n\t\t\t\t\t\t\t<\/div>\n\t\t<\/section>\n\t\t\t\t<section class=\"elementor-section elementor-top-section elementor-element elementor-element-1c88f90 elementor-section-boxed elementor-section-height-default elementor-section-height-default\" data-id=\"1c88f90\" data-element_type=\"section\" data-settings=\"{&quot;animation&quot;:&quot;none&quot;,&quot;background_background&quot;:&quot;classic&quot;}\">\n\t\t\t\t\t\t<div class=\"elementor-container elementor-column-gap-default\">\n\t\t\t\t\t<div class=\"elementor-column elementor-col-100 elementor-top-column elementor-element elementor-element-548b153\" data-id=\"548b153\" data-element_type=\"column\">\n\t\t\t<div class=\"elementor-widget-wrap elementor-element-populated\">\n\t\t\t\t\t\t\t\t<div class=\"elementor-element elementor-element-dd25e12 elementor-widget elementor-widget-heading\" data-id=\"dd25e12\" data-element_type=\"widget\" data-widget_type=\"heading.default\">\n\t\t\t\t<div class=\"elementor-widget-container\">\n\t\t\t<h1 class=\"elementor-heading-title elementor-size-default\">Ost\u00e9opathie<\/h1>\t\t<\/div>\n\t\t\t\t<\/div>\n\t\t\t\t<section class=\"elementor-section elementor-inner-section elementor-element elementor-element-bd42e6c elementor-section-content-middle elementor-section-boxed elementor-section-height-default elementor-section-height-default\" data-id=\"bd42e6c\" data-element_type=\"section\">\n\t\t\t\t\t\t<div class=\"elementor-container elementor-column-gap-default\">\n\t\t\t\t\t<div class=\"elementor-column elementor-col-50 elementor-inner-column elementor-element elementor-element-78b9414\" data-id=\"78b9414\" data-element_type=\"column\">\n\t\t\t<div class=\"elementor-widget-wrap elementor-element-populated\">\n\t\t\t\t\t\t\t\t<div class=\"elementor-element elementor-element-0644267 elementor-widget elementor-widget-image\" data-id=\"0644267\" data-element_type=\"widget\" data-widget_type=\"image.default\">\n\t\t\t\t<div class=\"elementor-widget-container\">\n\t\t\t\t\t<div class=\"elementor-image\">\n\t\t\t\t\t\t\t\t\t\t<img decoding=\"async\" src=\"https:\/\/cliniquelorraine.fr\/wp-content\/uploads\/elementor\/thumbs\/Amandine-cercle-q1yke24tac7xy1sbw6k4jg1o7i89yo9em7ts7glk2w.png\" title=\"Amandine-cercle\" alt=\"Amandine Klein\" \/>\t\t\t\t\t\t\t\t\t\t\t<\/div>\n\t\t\t\t<\/div>\n\t\t\t\t<\/div>\n\t\t\t\t\t<\/div>\n\t\t<\/div>\n\t\t\t\t<div class=\"elementor-column elementor-col-50 elementor-inner-column elementor-element elementor-element-4015f70\" data-id=\"4015f70\" data-element_type=\"column\">\n\t\t\t<div class=\"elementor-widget-wrap elementor-element-populated\">\n\t\t\t\t\t\t\t\t<div class=\"elementor-element elementor-element-abdd55b elementor-widget elementor-widget-text-editor\" data-id=\"abdd55b\" data-element_type=\"widget\" data-settings=\"{&quot;_animation&quot;:&quot;none&quot;}\" data-widget_type=\"text-editor.default\">\n\t\t\t\t<div class=\"elementor-widget-container\">\n\t\t\t\t\t<div class=\"elementor-text-editor elementor-clearfix\"><p style=\"text-align: left;\"><span style=\"font-family: Exo;\"><span style=\"font-weight: 400;\">Les consultations sont assur\u00e9s par le <strong>Dr Klein<\/strong> qui a suivi <\/span><b>une formation de trois ans en ost\u00e9opathie v\u00e9t\u00e9rinaire<\/b><span style=\"font-weight: 400;\"> aboutissant \u00e0 un dipl\u00f4me Inter \u00e9cole reconnue par l\u2019ordre des m\u00e9decins v\u00e9t\u00e9rinaires.<\/span><\/span><\/p><\/div>\n\t\t\t\t<\/div>\n\t\t\t\t<\/div>\n\t\t\t\t\t<\/div>\n\t\t<\/div>\n\t\t\t\t\t\t\t<\/div>\n\t\t<\/section>\n\t\t\t\t\t<\/div>\n\t\t<\/div>\n\t\t\t\t\t\t\t<\/div>\n\t\t<\/section>\n\t\t\t\t<section class=\"elementor-section elementor-top-section elementor-element elementor-element-e4fc82d elementor-section-boxed elementor-section-height-default elementor-section-height-default\" data-id=\"e4fc82d\" data-element_type=\"section\">\n\t\t\t\t\t\t<div class=\"elementor-container elementor-column-gap-default\">\n\t\t\t\t\t<div class=\"elementor-column elementor-col-50 elementor-top-column elementor-element elementor-element-c0a8534\" data-id=\"c0a8534\" data-element_type=\"column\">\n\t\t\t<div class=\"elementor-widget-wrap elementor-element-populated\">\n\t\t\t\t\t\t\t\t<div class=\"elementor-element elementor-element-cad9b0a elementor-widget elementor-widget-image\" data-id=\"cad9b0a\" data-element_type=\"widget\" data-widget_type=\"image.default\">\n\t\t\t\t<div class=\"elementor-widget-container\">\n\t\t\t\t\t<div class=\"elementor-image\">\n\t\t\t\t\t\t\t\t\t\t<img width=\"1024\" height=\"683\" src=\"https:\/\/cliniquelorraine.fr\/wp-content\/uploads\/2021\/10\/IMG_4122-1024x683.jpg\" class=\"attachment-large size-large\" alt=\"\" decoding=\"async\" loading=\"lazy\" srcset=\"https:\/\/cliniquelorraine.fr\/wp-content\/uploads\/2021\/10\/IMG_4122-1024x683.jpg 1024w, https:\/\/cliniquelorraine.fr\/wp-content\/uploads\/2021\/10\/IMG_4122-300x200.jpg 300w, https:\/\/cliniquelorraine.fr\/wp-content\/uploads\/2021\/10\/IMG_4122-768x512.jpg 768w, https:\/\/cliniquelorraine.fr\/wp-content\/uploads\/2021\/10\/IMG_4122-1536x1024.jpg 1536w, https:\/\/cliniquelorraine.fr\/wp-content\/uploads\/2021\/10\/IMG_4122-2048x1365.jpg 2048w, https:\/\/cliniquelorraine.fr\/wp-content\/uploads\/2021\/10\/IMG_4122-930x620.jpg 930w\" sizes=\"(max-width: 1024px) 100vw, 1024px\" \/>\t\t\t\t\t\t\t\t\t\t\t<\/div>\n\t\t\t\t<\/div>\n\t\t\t\t<\/div>\n\t\t\t\t\t<\/div>\n\t\t<\/div>\n\t\t\t\t<div class=\"elementor-column elementor-col-50 elementor-top-column elementor-element elementor-element-5a1ecaf\" data-id=\"5a1ecaf\" data-element_type=\"column\">\n\t\t\t<div class=\"elementor-widget-wrap elementor-element-populated\">\n\t\t\t\t\t\t\t\t<div class=\"elementor-element elementor-element-1450e110 elementor-widget elementor-widget-text-editor\" data-id=\"1450e110\" data-element_type=\"widget\" data-widget_type=\"text-editor.default\">\n\t\t\t\t<div class=\"elementor-widget-container\">\n\t\t\t\t\t<div class=\"elementor-text-editor elementor-clearfix\"><p><!-- wp:tadv\/classic-paragraph --><\/p>\n<p><span style=\"font-weight: 400;\"><strong>L\u2019ost\u00e9opathie<\/strong> est une discipline respectueuse du corps et de l\u2019esprit qui consid\u00e8re <strong>l\u2019organisme et le mental dans sa globalit\u00e9<\/strong> et permet d\u2019aider votre compagnon \u00e0 retrouver un \u00e9quilibre et une libert\u00e9 de mouvement.<\/span><\/p>\n<p><span style=\"font-weight: 400;\">Il existe beaucoup d\u2019indications possibles \u00e0 n\u2019importe quel \u00e2ge et dans toutes les esp\u00e8ces (chiens, chats, NAC, chevaux \u2026).&nbsp;<\/span><\/p><p><span style=\"font-weight: 400;\">N\u2019h\u00e9sitez pas \u00e0 nous en parler et \u00e0 faire l\u2019exp\u00e9rience d\u2019une s\u00e9ance qui ne peut que se r\u00e9v\u00e9ler b\u00e9n\u00e9fique pour votre compagnon.<\/span><\/p>\n<p><!-- \/wp:paragraph --><\/p><\/div>\n\t\t\t\t<\/div>\n\t\t\t\t<\/div>\n\t\t\t\t\t<\/div>\n\t\t<\/div>\n\t\t\t\t\t\t\t<\/div>\n\t\t<\/section>\n\t\t\t\t<section class=\"elementor-section elementor-top-section elementor-element elementor-element-1f95343 elementor-section-boxed elementor-section-height-default elementor-section-height-default\" data-id=\"1f95343\" data-element_type=\"section\">\n\t\t\t\t\t\t<div class=\"elementor-container elementor-column-gap-default\">\n\t\t\t\t\t<div class=\"elementor-column elementor-col-100 elementor-top-column elementor-element elementor-element-c7055ae\" data-id=\"c7055ae\" data-element_type=\"column\">\n\t\t\t<div class=\"elementor-widget-wrap elementor-element-populated\">\n\t\t\t\t\t\t\t\t<div class=\"elementor-element elementor-element-7693c65 elementor-widget elementor-widget-spacer\" data-id=\"7693c65\" data-element_type=\"widget\" data-widget_type=\"spacer.default\">\n\t\t\t\t<div class=\"elementor-widget-container\">\n\t\t\t\t\t<div class=\"elementor-spacer\">\n\t\t\t<div class=\"elementor-spacer-inner\"><\/div>\n\t\t<\/div>\n\t\t\t\t<\/div>\n\t\t\t\t<\/div>\n\t\t\t\t<div class=\"elementor-element elementor-element-7d6d894 elementor-align-center elementor-widget elementor-widget-button\" data-id=\"7d6d894\" data-element_type=\"widget\" data-widget_type=\"button.default\">\n\t\t\t\t<div class=\"elementor-widget-container\">\n\t\t\t\t\t<div class=\"elementor-button-wrapper\">\n\t\t\t<a href=\"http:\/\/cliniquelorraine.fr\/index.php\/rendez-vous\/\" target=\"_blank\" class=\"elementor-button-link elementor-button elementor-size-sm\" role=\"button\">\n\t\t\t\t\t\t<span class=\"elementor-button-content-wrapper\">\n\t\t\t\t\t\t<span class=\"elementor-button-text\">Prendre rendez-vous<\/span>\n\t\t<\/span>\n\t\t\t\t\t<\/a>\n\t\t<\/div>\n\t\t\t\t<\/div>\n\t\t\t\t<\/div>\n\t\t\t\t\t<\/div>\n\t\t<\/div>\n\t\t\t\t\t\t\t<\/div>\n\t\t<\/section>\n\t\t\t\t\t\t<\/div>\n\t\t\t\t\t<\/div>\n\t\t","protected":false},"excerpt":{"rendered":"<p>Ost\u00e9opathie Les consultations sont assur\u00e9s par le Dr Klein qui a suivi une formation de trois ans en ost\u00e9opathie v\u00e9t\u00e9rinaire aboutissant \u00e0 un dipl\u00f4me Inter \u00e9cole reconnue par l\u2019ordre des m\u00e9decins v\u00e9t\u00e9rinaires. L\u2019ost\u00e9opathie est une discipline respectueuse du corps et de l\u2019esprit qui consid\u00e8re l\u2019organisme et le mental dans sa globalit\u00e9 et permet d\u2019aider votre&hellip;&nbsp;<a href=\"https:\/\/cliniquelorraine.fr\/index.php\/osteopathie\/\" class=\"\" rel=\"bookmark\">Lire la suite &raquo;<span class=\"screen-reader-text\">Ost\u00e9opathie<\/span><\/a><\/p>\n","protected":false},"author":1,"featured_media":0,"parent":0,"menu_order":0,"comment_status":"closed","ping_status":"closed","template":"","meta":{"neve_meta_sidebar":"","neve_meta_container":"","neve_meta_enable_content_width":"","neve_meta_content_width":0,"neve_meta_title_alignment":"","neve_meta_author_avatar":"","neve_post_elements_order":"","neve_meta_disable_header":"","neve_meta_disable_footer":"","neve_meta_disable_title":"on","_ti_tpc_template_sync":false,"_ti_tpc_template_id":""},"uagb_featured_image_src":{"full":false,"thumbnail":false,"medium":false,"medium_large":false,"large":false,"1536x1536":false,"2048x2048":false,"neve-blog":false},"uagb_author_info":{"display_name":"admin6257","author_link":"https:\/\/cliniquelorraine.fr\/index.php\/author\/admin6257\/"},"uagb_comment_info":0,"uagb_excerpt":"Ost\u00e9opathie Les consultations sont assur\u00e9s par le Dr Klein qui a suivi une formation de trois ans en ost\u00e9opathie v\u00e9t\u00e9rinaire aboutissant \u00e0 un dipl\u00f4me Inter \u00e9cole reconnue par l\u2019ordre des m\u00e9decins v\u00e9t\u00e9rinaires. L\u2019ost\u00e9opathie est une discipline respectueuse du corps et de l\u2019esprit qui consid\u00e8re l\u2019organisme et le mental dans sa globalit\u00e9 et permet d\u2019aider votre&hellip;&nbsp;Lire\u2026","_links":{"self":[{"href":"https:\/\/cliniquelorraine.fr\/index.php\/wp-json\/wp\/v2\/pages\/372"}],"collection":[{"href":"https:\/\/cliniquelorraine.fr\/index.php\/wp-json\/wp\/v2\/pages"}],"about":[{"href":"https:\/\/cliniquelorraine.fr\/index.php\/wp-json\/wp\/v2\/types\/page"}],"author":[{"embeddable":true,"href":"https:\/\/cliniquelorraine.fr\/index.php\/wp-json\/wp\/v2\/users\/1"}],"replies":[{"embeddable":true,"href":"https:\/\/cliniquelorraine.fr\/index.php\/wp-json\/wp\/v2\/comments?post=372"}],"version-history":[{"count":23,"href":"https:\/\/cliniquelorraine.fr\/index.php\/wp-json\/wp\/v2\/pages\/372\/revisions"}],"predecessor-version":[{"id":1718,"href":"https:\/\/cliniquelorraine.fr\/index.php\/wp-json\/wp\/v2\/pages\/372\/revisions\/1718"}],"wp:attachment":[{"href":"https:\/\/cliniquelorraine.fr\/index.php\/wp-json\/wp\/v2\/media?parent=372"}],"curies":[{"name":"wp","href":"https:\/\/api.w.org\/{rel}","templated":true}]}}