{"id":392,"date":"2020-11-21T10:30:19","date_gmt":"2020-11-21T09:30:19","guid":{"rendered":"http:\/\/cliniquelorraine.fr\/?page_id=392"},"modified":"2023-01-12T14:31:39","modified_gmt":"2023-01-12T13:31:39","slug":"alimentation","status":"publish","type":"page","link":"https:\/\/cliniquelorraine.fr\/index.php\/alimentation\/","title":{"rendered":"Alimentation"},"content":{"rendered":"\t\t<div data-elementor-type=\"wp-page\" data-elementor-id=\"392\" class=\"elementor elementor-392\" data-elementor-settings=\"[]\">\n\t\t\t\t\t\t\t<div class=\"elementor-section-wrap\">\n\t\t\t\t\t\t\t<section class=\"elementor-section elementor-top-section elementor-element elementor-element-1867eb6 elementor-section-height-min-height elementor-section-content-middle elementor-section-stretched elementor-section-boxed elementor-section-height-default elementor-section-items-middle\" data-id=\"1867eb6\" data-element_type=\"section\" data-settings=\"{&quot;stretch_section&quot;:&quot;section-stretched&quot;,&quot;background_background&quot;:&quot;classic&quot;}\">\n\t\t\t\t\t\t<div class=\"elementor-container elementor-column-gap-default\">\n\t\t\t\t\t<div class=\"elementor-column elementor-col-100 elementor-top-column elementor-element elementor-element-0215af6\" data-id=\"0215af6\" data-element_type=\"column\">\n\t\t\t<div class=\"elementor-widget-wrap\">\n\t\t\t\t\t\t\t\t\t<\/div>\n\t\t<\/div>\n\t\t\t\t\t\t\t<\/div>\n\t\t<\/section>\n\t\t\t\t<section class=\"elementor-section elementor-top-section elementor-element elementor-element-70cc220 elementor-section-boxed elementor-section-height-default elementor-section-height-default\" data-id=\"70cc220\" data-element_type=\"section\" data-settings=\"{&quot;animation&quot;:&quot;none&quot;,&quot;background_background&quot;:&quot;classic&quot;}\">\n\t\t\t\t\t\t<div class=\"elementor-container elementor-column-gap-default\">\n\t\t\t\t\t<div class=\"elementor-column elementor-col-100 elementor-top-column elementor-element elementor-element-054b2e7\" data-id=\"054b2e7\" data-element_type=\"column\">\n\t\t\t<div class=\"elementor-widget-wrap elementor-element-populated\">\n\t\t\t\t\t\t\t\t<div class=\"elementor-element elementor-element-7b09901 elementor-widget elementor-widget-heading\" data-id=\"7b09901\" data-element_type=\"widget\" data-widget_type=\"heading.default\">\n\t\t\t\t<div class=\"elementor-widget-container\">\n\t\t\t<h1 class=\"elementor-heading-title elementor-size-default\">alimentation<\/h1>\t\t<\/div>\n\t\t\t\t<\/div>\n\t\t\t\t<div class=\"elementor-element elementor-element-cd962bf elementor-widget elementor-widget-text-editor\" data-id=\"cd962bf\" data-element_type=\"widget\" data-settings=\"{&quot;_animation&quot;:&quot;none&quot;}\" data-widget_type=\"text-editor.default\">\n\t\t\t\t<div class=\"elementor-widget-container\">\n\t\t\t\t\t<div class=\"elementor-text-editor elementor-clearfix\"><p style=\"text-align: center;\"><span style=\"font-weight: 400; font-family: Exo;\">\u00c0 la clinique v\u00e9t\u00e9rinaire lorraine de Saint-Avold, nous mettons \u00e0 votre disposition 3 gammes d\u2019aliments pour animaux de compagnie (chien, chat et NAC) que nous avons choisies pour leurs hautes qualit\u00e9s techniques (app\u00e9tence, digestibilit\u00e9\u2026)<\/span><\/p><\/div>\n\t\t\t\t<\/div>\n\t\t\t\t<\/div>\n\t\t\t\t\t<\/div>\n\t\t<\/div>\n\t\t\t\t\t\t\t<\/div>\n\t\t<\/section>\n\t\t\t\t<section class=\"elementor-section elementor-top-section elementor-element elementor-element-47ba62f elementor-section-boxed elementor-section-height-default elementor-section-height-default\" data-id=\"47ba62f\" data-element_type=\"section\">\n\t\t\t\t\t\t<div class=\"elementor-container elementor-column-gap-default\">\n\t\t\t\t\t<div class=\"elementor-column elementor-col-50 elementor-top-column elementor-element elementor-element-4c83ed8\" data-id=\"4c83ed8\" data-element_type=\"column\">\n\t\t\t<div class=\"elementor-widget-wrap elementor-element-populated\">\n\t\t\t\t\t\t\t\t<div class=\"elementor-element elementor-element-6ce11f2 elementor-widget elementor-widget-text-editor\" data-id=\"6ce11f2\" data-element_type=\"widget\" data-widget_type=\"text-editor.default\">\n\t\t\t\t<div class=\"elementor-widget-container\">\n\t\t\t\t\t<div class=\"elementor-text-editor elementor-clearfix\"><p><b>Trois sortes d\u2019aliments sont propos\u00e9s :<\/b><\/p><ul><li style=\"font-weight: 400;\" aria-level=\"1\"><b>Des aliments physiologiques<\/b><span style=\"font-weight: 400;\"> destin\u00e9s \u00e0 des animaux en bonne sant\u00e9, de fa\u00e7on \u00e0 les maintenir dans leur bonne forme en fonction de leur tranche d\u2019\u00e2ge.<\/span><\/li><li style=\"font-weight: 400;\" aria-level=\"1\"><b>Des aliments di\u00e9t\u00e9tiques<\/b><span style=\"font-weight: 400;\"> \u00e0 vis\u00e9e th\u00e9rapeutique, prescrits par le v\u00e9t\u00e9rinaire comme une aide importante, voire incontournable, au traitement m\u00e9dicamenteux (arthrose, surpoids, maldigestion, diab\u00e8te, insuffisance r\u00e9nale, etc\u2026)<\/span><\/li><li><b>Des aliments sp\u00e9cifiques<\/b><\/li><\/ul><p>\u00a0<\/p><p>Nous pouvons fournir, sur commande \u00e0 l\u2019avance aupr\u00e8s de notre personnel d\u2019accueil, beaucoup d\u2019autres r\u00e9f\u00e9rences que celles disponibles en stock.<\/p><p><span style=\"font-weight: 400;\">L\u2019\u00e9quipe d\u2019accueil est \u00e0 votre \u00e9coute pour vous renseigner.\u00a0<\/span><\/p><p><span style=\"font-weight: 400;\">Nous saurons vous orienter dans votre choix et \u00e9tablir avec vous des rations \u00e9quilibr\u00e9es pour votre compagnon.<\/span><\/p><p><span style=\"font-weight: 400;\">\u00a0<\/span><\/p><\/div>\n\t\t\t\t<\/div>\n\t\t\t\t<\/div>\n\t\t\t\t\t<\/div>\n\t\t<\/div>\n\t\t\t\t<div class=\"elementor-column elementor-col-50 elementor-top-column elementor-element elementor-element-1e0eb02\" data-id=\"1e0eb02\" data-element_type=\"column\">\n\t\t\t<div class=\"elementor-widget-wrap elementor-element-populated\">\n\t\t\t\t\t\t\t\t<div class=\"elementor-element elementor-element-cdd1eb0 elementor-widget elementor-widget-image\" data-id=\"cdd1eb0\" data-element_type=\"widget\" data-widget_type=\"image.default\">\n\t\t\t\t<div class=\"elementor-widget-container\">\n\t\t\t\t\t<div class=\"elementor-image\">\n\t\t\t\t\t\t\t\t\t\t<img width=\"768\" height=\"1024\" src=\"https:\/\/cliniquelorraine.fr\/wp-content\/uploads\/2021\/05\/alimentation1.jpeg\" class=\"attachment-large size-large\" alt=\"\" decoding=\"async\" loading=\"lazy\" srcset=\"https:\/\/cliniquelorraine.fr\/wp-content\/uploads\/2021\/05\/alimentation1.jpeg 768w, https:\/\/cliniquelorraine.fr\/wp-content\/uploads\/2021\/05\/alimentation1-225x300.jpeg 225w\" sizes=\"(max-width: 768px) 100vw, 768px\" \/>\t\t\t\t\t\t\t\t\t\t\t<\/div>\n\t\t\t\t<\/div>\n\t\t\t\t<\/div>\n\t\t\t\t\t<\/div>\n\t\t<\/div>\n\t\t\t\t\t\t\t<\/div>\n\t\t<\/section>\n\t\t\t\t<section class=\"elementor-section elementor-top-section elementor-element elementor-element-b703313 elementor-section-boxed elementor-section-height-default elementor-section-height-default\" data-id=\"b703313\" data-element_type=\"section\">\n\t\t\t\t\t\t<div class=\"elementor-container elementor-column-gap-default\">\n\t\t\t\t\t<div class=\"elementor-column elementor-col-100 elementor-top-column elementor-element elementor-element-1c6cad9\" data-id=\"1c6cad9\" data-element_type=\"column\">\n\t\t\t<div class=\"elementor-widget-wrap elementor-element-populated\">\n\t\t\t\t\t\t\t\t<div class=\"elementor-element elementor-element-609aeb9 elementor-align-center elementor-widget elementor-widget-button\" data-id=\"609aeb9\" data-element_type=\"widget\" data-widget_type=\"button.default\">\n\t\t\t\t<div class=\"elementor-widget-container\">\n\t\t\t\t\t<div class=\"elementor-button-wrapper\">\n\t\t\t<a href=\"http:\/\/cliniquelorraine.fr\/index.php\/rendez-vous\/\" target=\"_blank\" class=\"elementor-button-link elementor-button elementor-size-sm\" role=\"button\">\n\t\t\t\t\t\t<span class=\"elementor-button-content-wrapper\">\n\t\t\t\t\t\t<span class=\"elementor-button-text\">Prendre rendez-vous<\/span>\n\t\t<\/span>\n\t\t\t\t\t<\/a>\n\t\t<\/div>\n\t\t\t\t<\/div>\n\t\t\t\t<\/div>\n\t\t\t\t\t<\/div>\n\t\t<\/div>\n\t\t\t\t\t\t\t<\/div>\n\t\t<\/section>\n\t\t\t\t\t\t<\/div>\n\t\t\t\t\t<\/div>\n\t\t","protected":false},"excerpt":{"rendered":"<p>alimentation \u00c0 la clinique v\u00e9t\u00e9rinaire lorraine de Saint-Avold, nous mettons \u00e0 votre disposition 3 gammes d\u2019aliments pour animaux de compagnie (chien, chat et NAC) que nous avons choisies pour leurs hautes qualit\u00e9s techniques (app\u00e9tence, digestibilit\u00e9\u2026) Trois sortes d\u2019aliments sont propos\u00e9s : Des aliments physiologiques destin\u00e9s \u00e0 des animaux en bonne sant\u00e9, de fa\u00e7on \u00e0 les&hellip;&nbsp;<a href=\"https:\/\/cliniquelorraine.fr\/index.php\/alimentation\/\" class=\"\" rel=\"bookmark\">Lire la suite &raquo;<span class=\"screen-reader-text\">Alimentation<\/span><\/a><\/p>\n","protected":false},"author":1,"featured_media":0,"parent":0,"menu_order":0,"comment_status":"closed","ping_status":"closed","template":"","meta":{"neve_meta_sidebar":"","neve_meta_container":"","neve_meta_enable_content_width":"","neve_meta_content_width":0,"neve_meta_title_alignment":"","neve_meta_author_avatar":"","neve_post_elements_order":"","neve_meta_disable_header":"","neve_meta_disable_footer":"","neve_meta_disable_title":"on","_ti_tpc_template_sync":false,"_ti_tpc_template_id":""},"uagb_featured_image_src":{"full":false,"thumbnail":false,"medium":false,"medium_large":false,"large":false,"1536x1536":false,"2048x2048":false,"neve-blog":false},"uagb_author_info":{"display_name":"admin6257","author_link":"https:\/\/cliniquelorraine.fr\/index.php\/author\/admin6257\/"},"uagb_comment_info":0,"uagb_excerpt":"alimentation \u00c0 la clinique v\u00e9t\u00e9rinaire lorraine de Saint-Avold, nous mettons \u00e0 votre disposition 3 gammes d\u2019aliments pour animaux de compagnie (chien, chat et NAC) que nous avons choisies pour leurs hautes qualit\u00e9s techniques (app\u00e9tence, digestibilit\u00e9\u2026) Trois sortes d\u2019aliments sont propos\u00e9s : Des aliments physiologiques destin\u00e9s \u00e0 des animaux en bonne sant\u00e9, de fa\u00e7on \u00e0 les&hellip;&nbsp;Lire\u2026","_links":{"self":[{"href":"https:\/\/cliniquelorraine.fr\/index.php\/wp-json\/wp\/v2\/pages\/392"}],"collection":[{"href":"https:\/\/cliniquelorraine.fr\/index.php\/wp-json\/wp\/v2\/pages"}],"about":[{"href":"https:\/\/cliniquelorraine.fr\/index.php\/wp-json\/wp\/v2\/types\/page"}],"author":[{"embeddable":true,"href":"https:\/\/cliniquelorraine.fr\/index.php\/wp-json\/wp\/v2\/users\/1"}],"replies":[{"embeddable":true,"href":"https:\/\/cliniquelorraine.fr\/index.php\/wp-json\/wp\/v2\/comments?post=392"}],"version-history":[{"count":35,"href":"https:\/\/cliniquelorraine.fr\/index.php\/wp-json\/wp\/v2\/pages\/392\/revisions"}],"predecessor-version":[{"id":1792,"href":"https:\/\/cliniquelorraine.fr\/index.php\/wp-json\/wp\/v2\/pages\/392\/revisions\/1792"}],"wp:attachment":[{"href":"https:\/\/cliniquelorraine.fr\/index.php\/wp-json\/wp\/v2\/media?parent=392"}],"curies":[{"name":"wp","href":"https:\/\/api.w.org\/{rel}","templated":true}]}}