{"id":437,"date":"2020-11-21T12:30:23","date_gmt":"2020-11-21T11:30:23","guid":{"rendered":"http:\/\/cliniquelorraine.fr\/?page_id=437"},"modified":"2023-01-12T13:07:02","modified_gmt":"2023-01-12T12:07:02","slug":"localisation","status":"publish","type":"page","link":"https:\/\/cliniquelorraine.fr\/index.php\/localisation\/","title":{"rendered":"Localisation"},"content":{"rendered":"\t\t<div data-elementor-type=\"wp-page\" data-elementor-id=\"437\" class=\"elementor elementor-437\" data-elementor-settings=\"[]\">\n\t\t\t\t\t\t\t<div class=\"elementor-section-wrap\">\n\t\t\t\t\t\t\t<section class=\"elementor-section elementor-top-section elementor-element elementor-element-3eadefd elementor-section-height-min-height elementor-section-content-middle elementor-section-stretched elementor-section-boxed elementor-section-height-default elementor-section-items-middle\" data-id=\"3eadefd\" data-element_type=\"section\" data-settings=\"{&quot;stretch_section&quot;:&quot;section-stretched&quot;,&quot;background_background&quot;:&quot;classic&quot;}\">\n\t\t\t\t\t\t<div class=\"elementor-container elementor-column-gap-default\">\n\t\t\t\t\t<div class=\"elementor-column elementor-col-100 elementor-top-column elementor-element elementor-element-33fa40e\" data-id=\"33fa40e\" data-element_type=\"column\">\n\t\t\t<div class=\"elementor-widget-wrap\">\n\t\t\t\t\t\t\t\t\t<\/div>\n\t\t<\/div>\n\t\t\t\t\t\t\t<\/div>\n\t\t<\/section>\n\t\t\t\t<section class=\"elementor-section elementor-top-section elementor-element elementor-element-0bef066 elementor-section-boxed elementor-section-height-default elementor-section-height-default\" data-id=\"0bef066\" data-element_type=\"section\" data-settings=\"{&quot;animation&quot;:&quot;none&quot;,&quot;background_background&quot;:&quot;classic&quot;}\">\n\t\t\t\t\t\t<div class=\"elementor-container elementor-column-gap-default\">\n\t\t\t\t\t<div class=\"elementor-column elementor-col-100 elementor-top-column elementor-element elementor-element-ee8d2fd\" data-id=\"ee8d2fd\" data-element_type=\"column\">\n\t\t\t<div class=\"elementor-widget-wrap elementor-element-populated\">\n\t\t\t\t\t\t\t\t<div class=\"elementor-element elementor-element-12fd81e elementor-widget elementor-widget-heading\" data-id=\"12fd81e\" data-element_type=\"widget\" data-widget_type=\"heading.default\">\n\t\t\t\t<div class=\"elementor-widget-container\">\n\t\t\t<h1 class=\"elementor-heading-title elementor-size-default\">Localisation<\/h1>\t\t<\/div>\n\t\t\t\t<\/div>\n\t\t\t\t\t<\/div>\n\t\t<\/div>\n\t\t\t\t\t\t\t<\/div>\n\t\t<\/section>\n\t\t\t\t<section class=\"elementor-section elementor-top-section elementor-element elementor-element-1ec89ee elementor-section-boxed elementor-section-height-default elementor-section-height-default\" data-id=\"1ec89ee\" data-element_type=\"section\">\n\t\t\t\t\t\t<div class=\"elementor-container elementor-column-gap-default\">\n\t\t\t\t\t<div class=\"elementor-column elementor-col-100 elementor-top-column elementor-element elementor-element-b7d38b7\" data-id=\"b7d38b7\" data-element_type=\"column\">\n\t\t\t<div class=\"elementor-widget-wrap elementor-element-populated\">\n\t\t\t\t\t\t\t\t<div class=\"elementor-element elementor-element-9a75146 elementor-widget elementor-widget-google_maps\" data-id=\"9a75146\" data-element_type=\"widget\" data-widget_type=\"google_maps.default\">\n\t\t\t\t<div class=\"elementor-widget-container\">\n\t\t\t<div class=\"elementor-custom-embed\"><iframe frameborder=\"0\" scrolling=\"no\" marginheight=\"0\" marginwidth=\"0\" src=\"https:\/\/maps.google.com\/maps?q=Clinique%20V%C3%A9t%C3%A9rinaire%20Lorraine%2C%204%20Rue%20des%20G%C3%A9n%C3%A9raux%20Altmayer%2C%2057500%20Saint-Avold&amp;t=m&amp;z=17&amp;output=embed&amp;iwloc=near\" title=\"Clinique V\u00e9t\u00e9rinaire Lorraine, 4 Rue des G\u00e9n\u00e9raux Altmayer, 57500 Saint-Avold\" aria-label=\"Clinique V\u00e9t\u00e9rinaire Lorraine, 4 Rue des G\u00e9n\u00e9raux Altmayer, 57500 Saint-Avold\"><\/iframe><\/div>\t\t<\/div>\n\t\t\t\t<\/div>\n\t\t\t\t\t<\/div>\n\t\t<\/div>\n\t\t\t\t\t\t\t<\/div>\n\t\t<\/section>\n\t\t\t\t<section class=\"elementor-section elementor-top-section elementor-element elementor-element-93c8d47 elementor-section-boxed elementor-section-height-default elementor-section-height-default\" data-id=\"93c8d47\" data-element_type=\"section\">\n\t\t\t\t\t\t<div class=\"elementor-container elementor-column-gap-default\">\n\t\t\t\t\t<div class=\"elementor-column elementor-col-100 elementor-top-column elementor-element elementor-element-5fe5491\" data-id=\"5fe5491\" data-element_type=\"column\">\n\t\t\t<div class=\"elementor-widget-wrap elementor-element-populated\">\n\t\t\t\t\t\t\t\t<div class=\"elementor-element elementor-element-f1b76e7 elementor-widget elementor-widget-text-editor\" data-id=\"f1b76e7\" data-element_type=\"widget\" data-widget_type=\"text-editor.default\">\n\t\t\t\t<div class=\"elementor-widget-container\">\n\t\t\t\t\t<div class=\"elementor-text-editor elementor-clearfix\"><h4>Clinique V\u00e9t\u00e9rinaire Lorraine<\/h4><p>4 rue des G\u00e9n\u00e9raux Altmayer<br \/>57500 Saint-Avold<br \/><strong>03 87 92 25 78\u00a0<\/strong><\/p><\/div>\n\t\t\t\t<\/div>\n\t\t\t\t<\/div>\n\t\t\t\t<div class=\"elementor-element elementor-element-da63383 elementor-widget-divider--view-line elementor-widget elementor-widget-divider\" data-id=\"da63383\" data-element_type=\"widget\" data-widget_type=\"divider.default\">\n\t\t\t\t<div class=\"elementor-widget-container\">\n\t\t\t\t\t<div class=\"elementor-divider\">\n\t\t\t<span class=\"elementor-divider-separator\">\n\t\t\t\t\t\t<\/span>\n\t\t<\/div>\n\t\t\t\t<\/div>\n\t\t\t\t<\/div>\n\t\t\t\t<section class=\"elementor-section elementor-inner-section elementor-element elementor-element-789e6fa elementor-section-boxed elementor-section-height-default elementor-section-height-default\" data-id=\"789e6fa\" data-element_type=\"section\">\n\t\t\t\t\t\t<div class=\"elementor-container elementor-column-gap-default\">\n\t\t\t\t\t<div class=\"elementor-column elementor-col-50 elementor-inner-column elementor-element elementor-element-3fc5156\" data-id=\"3fc5156\" data-element_type=\"column\">\n\t\t\t<div class=\"elementor-widget-wrap elementor-element-populated\">\n\t\t\t\t\t\t\t\t<div class=\"elementor-element elementor-element-9a0c2d6 elementor-widget elementor-widget-text-editor\" data-id=\"9a0c2d6\" data-element_type=\"widget\" data-widget_type=\"text-editor.default\">\n\t\t\t\t<div class=\"elementor-widget-container\">\n\t\t\t\t\t<div class=\"elementor-text-editor elementor-clearfix\"><h4>Par l\u2019autoroute A4 :<\/h4>\n<ol id=\"block-efb4d4bd-9a96-4d75-ba72-4f9393c1a785\">\n<li>Sortie Saint-Avold, direction centre-ville.<\/li>\n<li>Au deuxi\u00e8me rond-point prendre la direction Hombourg-Haut.<\/li>\n<li>Jusqu\u2019au \u00ab\u00a0rond point de l\u2019Europe\u00a0\u00bb, prendre la 3e sortie en direction du McDonald&rsquo;s.<\/li>\n<\/ol><\/div>\n\t\t\t\t<\/div>\n\t\t\t\t<\/div>\n\t\t\t\t\t<\/div>\n\t\t<\/div>\n\t\t\t\t<div class=\"elementor-column elementor-col-50 elementor-inner-column elementor-element elementor-element-12d3aca\" data-id=\"12d3aca\" data-element_type=\"column\">\n\t\t\t<div class=\"elementor-widget-wrap elementor-element-populated\">\n\t\t\t\t\t\t\t\t<div class=\"elementor-element elementor-element-e7b394d elementor-widget elementor-widget-text-editor\" data-id=\"e7b394d\" data-element_type=\"widget\" data-widget_type=\"text-editor.default\">\n\t\t\t\t<div class=\"elementor-widget-container\">\n\t\t\t\t\t<div class=\"elementor-text-editor elementor-clearfix\"><h4>En venant de Hombourg-Haut :<\/h4>\n<ol id=\"block-b00d5186-0617-4414-a5c4-07352e6fe2ab\">\n<li>Direction centre-ville<\/li>\n<li>Jusqu\u2019au \u00ab\u00a0rond point de l\u2019Europe\u00a0\u00bb, prendre la 1re sortie en direction du McDonald&rsquo;s.<\/li>\n<\/ol><\/div>\n\t\t\t\t<\/div>\n\t\t\t\t<\/div>\n\t\t\t\t\t<\/div>\n\t\t<\/div>\n\t\t\t\t\t\t\t<\/div>\n\t\t<\/section>\n\t\t\t\t\t<\/div>\n\t\t<\/div>\n\t\t\t\t\t\t\t<\/div>\n\t\t<\/section>\n\t\t\t\t\t\t<\/div>\n\t\t\t\t\t<\/div>\n\t\t","protected":false},"excerpt":{"rendered":"<p>Localisation Clinique V\u00e9t\u00e9rinaire Lorraine 4 rue des G\u00e9n\u00e9raux Altmayer57500 Saint-Avold03 87 92 25 78\u00a0 Par l\u2019autoroute A4 : Sortie Saint-Avold, direction centre-ville. Au deuxi\u00e8me rond-point prendre la direction Hombourg-Haut. Jusqu\u2019au \u00ab\u00a0rond point de l\u2019Europe\u00a0\u00bb, prendre la 3e sortie en direction du McDonald&rsquo;s. En venant de Hombourg-Haut : Direction centre-ville Jusqu\u2019au \u00ab\u00a0rond point de l\u2019Europe\u00a0\u00bb, prendre&hellip;&nbsp;<a href=\"https:\/\/cliniquelorraine.fr\/index.php\/localisation\/\" class=\"\" rel=\"bookmark\">Lire la suite &raquo;<span class=\"screen-reader-text\">Localisation<\/span><\/a><\/p>\n","protected":false},"author":1,"featured_media":0,"parent":0,"menu_order":0,"comment_status":"closed","ping_status":"closed","template":"","meta":{"neve_meta_sidebar":"","neve_meta_container":"","neve_meta_enable_content_width":"","neve_meta_content_width":0,"neve_meta_title_alignment":"","neve_meta_author_avatar":"","neve_post_elements_order":"","neve_meta_disable_header":"","neve_meta_disable_footer":"","neve_meta_disable_title":"on","_ti_tpc_template_sync":false,"_ti_tpc_template_id":""},"uagb_featured_image_src":{"full":false,"thumbnail":false,"medium":false,"medium_large":false,"large":false,"1536x1536":false,"2048x2048":false,"neve-blog":false},"uagb_author_info":{"display_name":"admin6257","author_link":"https:\/\/cliniquelorraine.fr\/index.php\/author\/admin6257\/"},"uagb_comment_info":0,"uagb_excerpt":"Localisation Clinique V\u00e9t\u00e9rinaire Lorraine 4 rue des G\u00e9n\u00e9raux Altmayer57500 Saint-Avold03 87 92 25 78\u00a0 Par l\u2019autoroute A4 : Sortie Saint-Avold, direction centre-ville. Au deuxi\u00e8me rond-point prendre la direction Hombourg-Haut. Jusqu\u2019au \u00ab\u00a0rond point de l\u2019Europe\u00a0\u00bb, prendre la 3e sortie en direction du McDonald&rsquo;s. En venant de Hombourg-Haut : Direction centre-ville Jusqu\u2019au \u00ab\u00a0rond point de l\u2019Europe\u00a0\u00bb, prendre&hellip;&nbsp;Lire\u2026","_links":{"self":[{"href":"https:\/\/cliniquelorraine.fr\/index.php\/wp-json\/wp\/v2\/pages\/437"}],"collection":[{"href":"https:\/\/cliniquelorraine.fr\/index.php\/wp-json\/wp\/v2\/pages"}],"about":[{"href":"https:\/\/cliniquelorraine.fr\/index.php\/wp-json\/wp\/v2\/types\/page"}],"author":[{"embeddable":true,"href":"https:\/\/cliniquelorraine.fr\/index.php\/wp-json\/wp\/v2\/users\/1"}],"replies":[{"embeddable":true,"href":"https:\/\/cliniquelorraine.fr\/index.php\/wp-json\/wp\/v2\/comments?post=437"}],"version-history":[{"count":45,"href":"https:\/\/cliniquelorraine.fr\/index.php\/wp-json\/wp\/v2\/pages\/437\/revisions"}],"predecessor-version":[{"id":1772,"href":"https:\/\/cliniquelorraine.fr\/index.php\/wp-json\/wp\/v2\/pages\/437\/revisions\/1772"}],"wp:attachment":[{"href":"https:\/\/cliniquelorraine.fr\/index.php\/wp-json\/wp\/v2\/media?parent=437"}],"curies":[{"name":"wp","href":"https:\/\/api.w.org\/{rel}","templated":true}]}}