{"id":467,"date":"2020-11-25T13:17:46","date_gmt":"2020-11-25T12:17:46","guid":{"rendered":"http:\/\/cliniquelorraine.fr\/?page_id=467"},"modified":"2023-01-12T14:26:13","modified_gmt":"2023-01-12T13:26:13","slug":"mentions-legales","status":"publish","type":"page","link":"https:\/\/cliniquelorraine.fr\/index.php\/mentions-legales\/","title":{"rendered":"Mentions l\u00e9gales"},"content":{"rendered":"\t\t<div data-elementor-type=\"wp-page\" data-elementor-id=\"467\" class=\"elementor elementor-467\" data-elementor-settings=\"[]\">\n\t\t\t\t\t\t\t<div class=\"elementor-section-wrap\">\n\t\t\t\t\t\t\t<section class=\"elementor-section elementor-top-section elementor-element elementor-element-29eed44 elementor-section-boxed elementor-section-height-default elementor-section-height-default\" data-id=\"29eed44\" data-element_type=\"section\">\n\t\t\t\t\t\t<div class=\"elementor-container elementor-column-gap-default\">\n\t\t\t\t\t<div class=\"elementor-column elementor-col-100 elementor-top-column elementor-element elementor-element-1d66be4\" data-id=\"1d66be4\" data-element_type=\"column\">\n\t\t\t<div class=\"elementor-widget-wrap elementor-element-populated\">\n\t\t\t\t\t\t\t\t<div class=\"elementor-element elementor-element-ed2e2a4 elementor-widget elementor-widget-heading\" data-id=\"ed2e2a4\" data-element_type=\"widget\" data-widget_type=\"heading.default\">\n\t\t\t\t<div class=\"elementor-widget-container\">\n\t\t\t<h1 class=\"elementor-heading-title elementor-size-default\">mentions l\u00e9gales<\/h1>\t\t<\/div>\n\t\t\t\t<\/div>\n\t\t\t\t<div class=\"elementor-element elementor-element-abebe73 elementor-widget elementor-widget-heading\" data-id=\"abebe73\" data-element_type=\"widget\" data-widget_type=\"heading.default\">\n\t\t\t\t<div class=\"elementor-widget-container\">\n\t\t\t<h4 class=\"elementor-heading-title elementor-size-default\">1 - Informations \u00e9diteur<\/h4>\t\t<\/div>\n\t\t\t\t<\/div>\n\t\t\t\t<div class=\"elementor-element elementor-element-3ced911 elementor-widget elementor-widget-text-editor\" data-id=\"3ced911\" data-element_type=\"widget\" data-widget_type=\"text-editor.default\">\n\t\t\t\t<div class=\"elementor-widget-container\">\n\t\t\t\t\t<div class=\"elementor-text-editor elementor-clearfix\"><p><span style=\"font-weight: 400;\"><strong>SELARL CLIVETLOR<\/strong><br \/><\/span><span style=\"font-weight: 400;\">4, rue des G\u00e9n\u00e9raux Altmayer<br \/><\/span><span style=\"font-weight: 400;\">57500 Saint-Avold<br \/><\/span><span style=\"font-weight: 400;\"><strong>T\u00e9l :<\/strong> 03 87 92 25 78<br \/><\/span><span style=\"font-weight: 400;\"><strong>Mail :<\/strong> <a href=\"mailto:contact@cliniquelorraine.fr\">contact@cliniquelorraine.fr<\/a><br \/><\/span><span style=\"font-weight: 400;\"><strong>Siret<\/strong> : 49517540800022<br \/><\/span><span style=\"font-weight: 400;\"><strong>RCS Sarreguemines :<\/strong> 495175408<\/span><\/p><p><span style=\"font-weight: 400;\"><strong>Num\u00e9ro d\u2019ordre des praticiens :<\/strong><\/span><\/p><p><span style=\"font-weight: 400;\">Sessini Om\u00e9ro 12 049<br \/><\/span><span style=\"font-weight: 400;\">Klein Amandine 23 361<br \/><\/span><span style=\"font-weight: 400;\">Commaret Nathalie 24 605<\/span><br \/><span style=\"font-weight: 400;\">Anne-Catherine Staes 33447<\/span><span style=\"font-weight: 400;\"><br \/><\/span><span style=\"font-weight: 400;\">Nicolas Camille 36 220<\/span><\/p><p>\u00a0<\/p><p><span style=\"font-weight: 400;\"><strong>Directeur de la publication :<\/strong>\u00a0Klein Amandine<br \/><em>(d\u00e9sign\u00e9 comme le repr\u00e9sentant l\u00e9gal de l\u2019entreprise \u00e9ditrice ou personne juridiquement responsable p\u00e9nalement du site)<\/em><br \/><\/span><\/p><p><strong>Responsable de la r\u00e9daction \/webmestre : <span style=\"font-weight: 400;\">Serge Hamman, DesClics Info<br \/><\/span><\/strong><em><span style=\"font-weight: 400;\">(personne qui g\u00e8re la r\u00e9daction et techniquement le site et peut supprimer des donn\u00e9es individuelles sur les visiteurs du site)<\/span><\/em><\/p><p><strong>Conception graphique \/webdesigner : \u00a9<span style=\"font-weight: 400;\">Jane Roquelet<\/span><\/strong><em><span style=\"font-weight: 400;\"><br \/><\/span><\/em><\/p><\/div>\n\t\t\t\t<\/div>\n\t\t\t\t<\/div>\n\t\t\t\t<div class=\"elementor-element elementor-element-aebd627 elementor-widget elementor-widget-heading\" data-id=\"aebd627\" data-element_type=\"widget\" data-widget_type=\"heading.default\">\n\t\t\t\t<div class=\"elementor-widget-container\">\n\t\t\t<h4 class=\"elementor-heading-title elementor-size-default\">2 - Informations h\u00e9bergeur H\u00e9bergeur <\/h4>\t\t<\/div>\n\t\t\t\t<\/div>\n\t\t\t\t<div class=\"elementor-element elementor-element-657783e elementor-widget elementor-widget-text-editor\" data-id=\"657783e\" data-element_type=\"widget\" data-widget_type=\"text-editor.default\">\n\t\t\t\t<div class=\"elementor-widget-container\">\n\t\t\t\t\t<div class=\"elementor-text-editor elementor-clearfix\"><p><span style=\"font-weight: 400;\"><strong>OVH<\/strong><br \/><\/span><span style=\"font-weight: 400;\">2 rue Kellermann<br \/>59100 Roubaix<br \/>France<\/span><\/p>\n<p><span style=\"font-weight: 400;\">+33 (0)9 72 10 11 12<\/span><\/p><\/div>\n\t\t\t\t<\/div>\n\t\t\t\t<\/div>\n\t\t\t\t<div class=\"elementor-element elementor-element-df5a02f elementor-widget elementor-widget-heading\" data-id=\"df5a02f\" data-element_type=\"widget\" data-widget_type=\"heading.default\">\n\t\t\t\t<div class=\"elementor-widget-container\">\n\t\t\t<h4 class=\"elementor-heading-title elementor-size-default\">3 - Conditions g\u00e9n\u00e9rales d\u2019utilisation ou notice l\u00e9gale<\/h4>\t\t<\/div>\n\t\t\t\t<\/div>\n\t\t\t\t<div class=\"elementor-element elementor-element-7f366dc elementor-widget elementor-widget-text-editor\" data-id=\"7f366dc\" data-element_type=\"widget\" data-widget_type=\"text-editor.default\">\n\t\t\t\t<div class=\"elementor-widget-container\">\n\t\t\t\t\t<div class=\"elementor-text-editor elementor-clearfix\"><p><strong>Avertissement \/ exclusion de responsabilit\u00e9<\/strong><\/p><p>Ce site web www.cliniquelorraine.fr a \u00e9t\u00e9 cr\u00e9\u00e9 pour fournir des informations g\u00e9n\u00e9rales sur la soci\u00e9t\u00e9 SELARL CLIVETLOR et les services propos\u00e9s par cette soci\u00e9t\u00e9.<\/p><p>Bien que la SELARL CLIVETLOR s\u2019efforce de diffuser des informations fiables et actualis\u00e9es sur le Site, la SELARL CLIVELOR ne garantit pas l\u2019exactitude, la pr\u00e9cision, la mise \u00e0 jour ou l\u2019exhaustivit\u00e9 des informations mises \u00e0 disposition sur le Site.<\/p><p>En outre, la SELARL CLIVETLOR ne pourrait \u00eatre tenue pour responsable, de quelque mani\u00e8re que ce soit, des pr\u00e9judices directs, indirects ou fortuits, des dommages et int\u00e9r\u00eats indirects ou dissuasifs, r\u00e9sultant de l\u2019acc\u00e8s au Site, de l\u2019utilisation du Site, incluant toute d\u00e9t\u00e9rioration ou virus qui pourraient infecter votre \u00e9quipement informatique ou tout autre bien, de l\u2019interpr\u00e9tation ou de l\u2019incapacit\u00e9 \u00e0 utiliser les informations provenant directement ou indirectement du Site.<\/p><p>De plus, la SELARL CLIVETLOR ne pourrait \u00eatre tenue pour responsable, de quelque mani\u00e8re que ce soit, pour l\u2019inexactitude ou les manques d\u2019informations pr\u00e9sentes sur le Site. Ceci s\u2019applique en particulier aux informations traitant des services de la SELARL CLIVETLOR.<\/p><p>La SELARL CLIVETLOR se r\u00e9serve le droit de modifier, de corriger le contenu de ce Site ou d\u2019interrompre ou de suspendre tout ou partie des fonctionnalit\u00e9s du Site, temporairement ou de fa\u00e7on permanente, \u00e0 tout moment et sans pr\u00e9avis et pour n\u2019importe quelle raison. la SELARL CLIVETLOR ne pourra \u00eatre tenue pour responsable, de quelque mani\u00e8re que ce soit, des cons\u00e9quences de telles modifications, interruptions ou suspensions.<\/p><p>De m\u00eame les News sont diffus\u00e9es \u00e0 titre informatif et gracieux, en aucun cas l\u2019\u00e9diteur, la SELARL CLIVETLOR, ne pourrait \u00eatre tenu responsable d\u2019\u00e9ventuelles erreurs ou d\u00e9lais, et de toutes leurs cons\u00e9quences directes et indirectes.<\/p><p><strong>Propri\u00e9t\u00e9 intellectuelle<\/strong><\/p><p>Tous les textes, \u00e9l\u00e9ments graphiques, images, vid\u00e9os contenus dans ce Site, leur pr\u00e9sentation ainsi que leur assemblage, sont la propri\u00e9t\u00e9 exclusive de la SELARL CLIVETLOR ou de leurs auteurs.<\/p><p>L\u2019utilisation, la reproduction et la diffusion de ces informations ou de tout ou partie des \u00e9l\u00e9ments composant ce Site sans autorisation pr\u00e9alable \u00e9crite de la SELARL CLIVETLOR ou de leurs auteurs sont strictement interdites.<\/p><p>Le Site est la propri\u00e9t\u00e9 exclusive de la SELARL CLIVETLOR et l\u2019utilisation non autoris\u00e9e de ces informations est strictement interdite. Sauf indication contraire, le t\u00e9l\u00e9chargement des documents est seulement autoris\u00e9 par la SELARL CLIVETLOR pour un usage strictement personnel et non commercial, et les copies qui en d\u00e9couleront ne devront pas faire l\u2019objet de distribution ou rediffusion, et devront conserver et\/ou faire appara\u00eetre toute indication du droit d\u2019auteur ou de droit de propri\u00e9t\u00e9 intellectuelle de la SELARL CLIVETLOR. L\u2019utilisation, la reproduction et la diffusion de ces informations et de tout ou partie des \u00e9l\u00e9ments composant le Site pour tout autre usage sont strictement interdits sans autorisation \u00e9crite de la SELARL CLIVETLOR. A l\u2019exception de l\u2019autorisation limit\u00e9e r\u00e9sultant des pr\u00e9sentes conditions, l\u2019utilisateur s\u2019interdit notamment toute modification, reproduction, transmission, du contenu du Site, y compris les textes, images, supports sonores ou vid\u00e9os.<\/p><p>Aucune de ces dispositions ne doit \u00eatre interpr\u00e9t\u00e9e comme \u00e9tant de nature \u00e0 accorder un droit de licence ou tout autre droit sur la propri\u00e9t\u00e9 intellectuelle de la SELARL CLIVETLOR.<\/p><p>La SELARL CLIVETLOR se r\u00e9serve le droit de modifier et d\u2019actualiser les dispositions de cette rubrique \u00e0 tout moment.<\/p><p><strong>Remarques<\/strong><\/p><p>Sauf indication contraire, tous les noms de produits et de services et autres marques, logos, slogans, qu\u2019ils apparaissent ou non en lettres capitales ou suivis des sigles\u00a0 \u00bb ou \u2018, sont des marques enregistr\u00e9es ou d\u00e9pos\u00e9es appartenant \u00e0 la SELARL CLIVETLOR ou \u00e0 leurs propri\u00e9taires respectifs ou font l\u2019objet d\u2019une autorisation d\u2019utilisation.<\/p><p>Toutes les informations, au sens large, contenues dans le Site, sont la propri\u00e9t\u00e9 exclusive de la SELARL CLIVETLOR.<\/p><p><strong>Informations nominatives et autres informations<\/strong><\/p><p>Les informations nominatives communiqu\u00e9es (telles que nom, pr\u00e9nom, e-mail, adresse et num\u00e9ro de t\u00e9l\u00e9phone) sont confidentielles et \u00e0 l\u2019usage exclusif de la SELARL CLIVETLOR. Vous disposez d\u2019un droit d\u2019acc\u00e8s, de modification, de rectification et de suppression des donn\u00e9es personnelles qui vous concernent, qui peut \u00eatre exerc\u00e9 directement en envoyant un e-mail \u00e0 <a href=\"mailto:contact@cliniquelorraine.fr\"><strong>contact@cliniquelorraine.fr<\/strong><\/a> et la SELARL CLIVETLOR s\u2019engage \u00e0 corriger\/supprimer ces donn\u00e9es dans les meilleurs d\u00e9lais.<\/p><p>Dans le cas o\u00f9 une personne consulterait le Site et nous adresserait des remarques, r\u00e9ponses, suggestions ou autres en ce qui concerne les informations pr\u00e9sent\u00e9es par la SELARL CLIVETLOR, il est entendu que ces derni\u00e8res informations ne seront pas consid\u00e9r\u00e9es comme confidentielles et que la SELARL CLIVETLOR aura le droit de reproduire, utiliser, divulguer et distribuer le contenu de ces propos \u00e0 des tiers sans aucune limitation. La SELARL CLIVETLOR aura en outre le droit d\u2019utiliser les id\u00e9es, concepts, savoir-faire ou techniques contenues dans ces propos, pour quelque but que ce soit, notamment pour le d\u00e9veloppement, la fabrication, le marketing des services incorporant telle information.<\/p><p><strong>Liens vers d\u2019autres sites<\/strong><\/p><p>L\u2019installation de liens hypertextes pointant vers le Site par d\u2019autres sites web externes est soumise \u00e0 l\u2019autorisation pr\u00e9alable \u00e9crite de la SELARL CLIVETLOR. Les liens \u00ab in-line \u00bb ou tout autre proc\u00e9d\u00e9 visant \u00e0 int\u00e9grer des parties de ce Site sur des sites de tiers sont \u00e9galement interdits, sauf autorisation pr\u00e9alable \u00e9crite de la SELARL CLIVETLOR.<\/p><p>Ce Site contient \u00e9galement des informations provenant de tierces personnes et de liens vers d\u2019autres sites web. La SELARL CLIVETLOR ne dispose d\u2019aucun moyen de contr\u00f4le du contenu de ces sites tiers qui demeurent totalement ind\u00e9pendants de la SELARL CLIVETLOR et ne pourra \u00eatre tenu pour responsable de tous pr\u00e9judices directs ou indirects ou fortuits, r\u00e9sultant de l\u2019acc\u00e8s ou de l\u2019utilisation de ces informations provenant de tiers, ni du contenu des autres sites web reli\u00e9s au Site par des liens hypertextes. Toute liaison avec les autres sites web, s\u2019effectue sous la seule responsabilit\u00e9 de l\u2019utilisateur.<\/p><p><strong>Juridiction<\/strong><\/p><p>Les mentions pr\u00e9sent\u00e9es ci-dessus sont r\u00e9gies par le droit fran\u00e7ais. Toute contestation concernant ces conditions g\u00e9n\u00e9rales d\u2019utilisation \u00e0 d\u00e9faut d\u2019accord amiable rel\u00e8vera des tribunaux comp\u00e9tents.<\/p><\/div>\n\t\t\t\t<\/div>\n\t\t\t\t<\/div>\n\t\t\t\t\t<\/div>\n\t\t<\/div>\n\t\t\t\t\t\t\t<\/div>\n\t\t<\/section>\n\t\t\t\t\t\t<\/div>\n\t\t\t\t\t<\/div>\n\t\t","protected":false},"excerpt":{"rendered":"<p>mentions l\u00e9gales 1 &#8211; Informations \u00e9diteur SELARL CLIVETLOR4, rue des G\u00e9n\u00e9raux Altmayer57500 Saint-AvoldT\u00e9l : 03 87 92 25 78Mail : contact@cliniquelorraine.frSiret : 49517540800022RCS Sarreguemines : 495175408 Num\u00e9ro d\u2019ordre des praticiens : Sessini Om\u00e9ro 12 049Klein Amandine 23 361Commaret Nathalie 24 605Anne-Catherine Staes 33447Nicolas Camille 36 220 \u00a0 Directeur de la publication :\u00a0Klein Amandine(d\u00e9sign\u00e9 comme le&hellip;&nbsp;<a href=\"https:\/\/cliniquelorraine.fr\/index.php\/mentions-legales\/\" class=\"\" rel=\"bookmark\">Lire la suite &raquo;<span class=\"screen-reader-text\">Mentions l\u00e9gales<\/span><\/a><\/p>\n","protected":false},"author":1,"featured_media":0,"parent":0,"menu_order":0,"comment_status":"closed","ping_status":"closed","template":"","meta":{"neve_meta_sidebar":"","neve_meta_container":"","neve_meta_enable_content_width":"","neve_meta_content_width":0,"neve_meta_title_alignment":"","neve_meta_author_avatar":"","neve_post_elements_order":"","neve_meta_disable_header":"","neve_meta_disable_footer":"","neve_meta_disable_title":"on","_ti_tpc_template_sync":false,"_ti_tpc_template_id":""},"uagb_featured_image_src":{"full":false,"thumbnail":false,"medium":false,"medium_large":false,"large":false,"1536x1536":false,"2048x2048":false,"neve-blog":false},"uagb_author_info":{"display_name":"admin6257","author_link":"https:\/\/cliniquelorraine.fr\/index.php\/author\/admin6257\/"},"uagb_comment_info":0,"uagb_excerpt":"mentions l\u00e9gales 1 &#8211; Informations \u00e9diteur SELARL CLIVETLOR4, rue des G\u00e9n\u00e9raux Altmayer57500 Saint-AvoldT\u00e9l : 03 87 92 25 78Mail : contact@cliniquelorraine.frSiret : 49517540800022RCS Sarreguemines : 495175408 Num\u00e9ro d\u2019ordre des praticiens : Sessini Om\u00e9ro 12 049Klein Amandine 23 361Commaret Nathalie 24 605Anne-Catherine Staes 33447Nicolas Camille 36 220 \u00a0 Directeur de la publication :\u00a0Klein Amandine(d\u00e9sign\u00e9 comme le&hellip;&nbsp;Lire\u2026","_links":{"self":[{"href":"https:\/\/cliniquelorraine.fr\/index.php\/wp-json\/wp\/v2\/pages\/467"}],"collection":[{"href":"https:\/\/cliniquelorraine.fr\/index.php\/wp-json\/wp\/v2\/pages"}],"about":[{"href":"https:\/\/cliniquelorraine.fr\/index.php\/wp-json\/wp\/v2\/types\/page"}],"author":[{"embeddable":true,"href":"https:\/\/cliniquelorraine.fr\/index.php\/wp-json\/wp\/v2\/users\/1"}],"replies":[{"embeddable":true,"href":"https:\/\/cliniquelorraine.fr\/index.php\/wp-json\/wp\/v2\/comments?post=467"}],"version-history":[{"count":28,"href":"https:\/\/cliniquelorraine.fr\/index.php\/wp-json\/wp\/v2\/pages\/467\/revisions"}],"predecessor-version":[{"id":1789,"href":"https:\/\/cliniquelorraine.fr\/index.php\/wp-json\/wp\/v2\/pages\/467\/revisions\/1789"}],"wp:attachment":[{"href":"https:\/\/cliniquelorraine.fr\/index.php\/wp-json\/wp\/v2\/media?parent=467"}],"curies":[{"name":"wp","href":"https:\/\/api.w.org\/{rel}","templated":true}]}}